{"id":84,"date":"2011-06-14T19:55:58","date_gmt":"2011-06-14T18:55:58","guid":{"rendered":"http:\/\/www.sangild.net\/?page_id=84"},"modified":"2013-04-09T09:56:29","modified_gmt":"2013-04-09T08:56:29","slug":"cheeseburger","status":"publish","type":"page","link":"https:\/\/www.sangild.net\/?page_id=84","title":{"rendered":"Cheeseburger"},"content":{"rendered":"<p>CKR-dyrnummer: 40041-03862. <a href=\"http:\/\/www.glr-chr.dk\/pls\/glrchr\/webchr04dyr$v_webdyr.QueryViewByKey?P_vgdyr_dyr_id=1012054398&amp;Z_CHK=17155\">Klik her for at se oplysningerne om Cheeseburger i CHR.<\/a><\/p>\n<p>Ligesom sin gode ven <a title=\"Hamburger\" href=\"http:\/\/www.sangild.net\/?page_id=81\">Hamburger<\/a>, er Cheeseburger navngivet s\u00e5 dens form\u00e5l her i livet st\u00e5r klart&#8230;<\/p>\n<p>Cheeseburger er som sin ven en Jerseytyrekalv, men er lidt yngre da han er f\u00f8dt 13. februar 2011.<\/p>\n<p>Det er Cheeseburger der er lidt genert og vender hovedet v\u00e6k, mens <a title=\"Hamburger\" href=\"http:\/\/www.sangild.net\/?page_id=81\">Hamburger<\/a> rigtig poserer for fotografen&#8230;<\/p>\n<p><a href=\"http:\/\/www.sangild.net\/wp-content\/uploads\/2011\/06\/DSCI0002.jpg\"><img loading=\"lazy\" decoding=\"async\" class=\"aligncenter size-large wp-image-85\" title=\"Ham- og Cheeseburger i vores stald\" alt=\"\" src=\"http:\/\/www.sangild.net\/wp-content\/uploads\/2011\/06\/DSCI0002-1024x768.jpg\" width=\"640\" height=\"480\" srcset=\"https:\/\/www.sangild.net\/wp-content\/uploads\/2011\/06\/DSCI0002-1024x768.jpg 1024w, https:\/\/www.sangild.net\/wp-content\/uploads\/2011\/06\/DSCI0002-300x225.jpg 300w\" sizes=\"auto, (max-width: 640px) 100vw, 640px\" \/><\/a><\/p>\n<p>B\u00e5de Hamburger og Cheeseburger har for l\u00e6ngst opfyldt deres m\u00e5l her i livet &#8211; de blev slagtet 4. februar 2013.<\/p>\n","protected":false},"excerpt":{"rendered":"<p>CKR-dyrnummer: 40041-03862. Klik her for at se oplysningerne om Cheeseburger i CHR. Ligesom sin gode ven Hamburger, er Cheeseburger navngivet s\u00e5 dens form\u00e5l her i livet st\u00e5r klart&#8230; Cheeseburger er som sin ven en Jerseytyrekalv, men er lidt yngre da &hellip; <a href=\"https:\/\/www.sangild.net\/?page_id=84\">L\u00e6s resten <span class=\"meta-nav\">&rarr;<\/span><\/a><\/p>\n","protected":false},"author":1,"featured_media":0,"parent":78,"menu_order":10,"comment_status":"closed","ping_status":"closed","template":"","meta":{"footnotes":""},"class_list":["post-84","page","type-page","status-publish","hentry"],"_links":{"self":[{"href":"https:\/\/www.sangild.net\/index.php?rest_route=\/wp\/v2\/pages\/84","targetHints":{"allow":["GET"]}}],"collection":[{"href":"https:\/\/www.sangild.net\/index.php?rest_route=\/wp\/v2\/pages"}],"about":[{"href":"https:\/\/www.sangild.net\/index.php?rest_route=\/wp\/v2\/types\/page"}],"author":[{"embeddable":true,"href":"https:\/\/www.sangild.net\/index.php?rest_route=\/wp\/v2\/users\/1"}],"replies":[{"embeddable":true,"href":"https:\/\/www.sangild.net\/index.php?rest_route=%2Fwp%2Fv2%2Fcomments&post=84"}],"version-history":[{"count":8,"href":"https:\/\/www.sangild.net\/index.php?rest_route=\/wp\/v2\/pages\/84\/revisions"}],"predecessor-version":[{"id":671,"href":"https:\/\/www.sangild.net\/index.php?rest_route=\/wp\/v2\/pages\/84\/revisions\/671"}],"up":[{"embeddable":true,"href":"https:\/\/www.sangild.net\/index.php?rest_route=\/wp\/v2\/pages\/78"}],"wp:attachment":[{"href":"https:\/\/www.sangild.net\/index.php?rest_route=%2Fwp%2Fv2%2Fmedia&parent=84"}],"curies":[{"name":"wp","href":"https:\/\/api.w.org\/{rel}","templated":true}]}}