{"id":81,"date":"2011-06-14T19:50:04","date_gmt":"2011-06-14T18:50:04","guid":{"rendered":"http:\/\/www.sangild.net\/?page_id=81"},"modified":"2013-04-09T09:56:06","modified_gmt":"2013-04-09T08:56:06","slug":"hamburger","status":"publish","type":"page","link":"https:\/\/www.sangild.net\/?page_id=81","title":{"rendered":"Hamburger"},"content":{"rendered":"<p>CKR-dyrnummer: 40041-03855. <a href=\"http:\/\/www.glr-chr.dk\/pls\/glrchr\/webchr04dyr$v_webdyr.QueryViewByKey?P_vgdyr_dyr_id=1011975722&amp;Z_CHK=19205\">Klik her for at se oplysningerne om Hamburger i CHR.<\/a><\/p>\n<p>Hamburger\u00a0er en lille s\u00f8d Jerseytyrekalv, der blev f\u00f8dt\u00a014. Januar 2011.<br \/>\nFor at den stakkels lille fyr ikke skal s\u00e6tte sin mule op efter et langt, lykkeligt liv p\u00e5 vores fine gr\u00f8nne mark &#8211; er den navngivet, s\u00e5 den ikke kan v\u00e6re i tvivl om hvad dens form\u00e5l her i livet er :-).<\/p>\n<p>Det er Hamburger til h\u00f8jre sammens med dens gode ven <a title=\"Cheeseburger\" href=\"http:\/\/www.sangild.net\/?page_id=84\">Cheeseburger<\/a>&#8230;<\/p>\n<p><a href=\"http:\/\/www.sangild.net\/wp-content\/uploads\/2011\/06\/DSCI0025.jpg\"><img loading=\"lazy\" decoding=\"async\" class=\"aligncenter size-large wp-image-82\" title=\"Ham- og Cheeseburger\" alt=\"\" src=\"http:\/\/www.sangild.net\/wp-content\/uploads\/2011\/06\/DSCI0025-1024x768.jpg\" width=\"640\" height=\"480\" srcset=\"https:\/\/www.sangild.net\/wp-content\/uploads\/2011\/06\/DSCI0025-1024x768.jpg 1024w, https:\/\/www.sangild.net\/wp-content\/uploads\/2011\/06\/DSCI0025-300x225.jpg 300w\" sizes=\"auto, (max-width: 640px) 100vw, 640px\" \/><\/a><\/p>\n<p>B\u00e5de Hamburger og Cheeseburger har for l\u00e6ngst opfyldt deres m\u00e5l her i livet &#8211; de blev slagtet 4. februar 2013.<\/p>\n","protected":false},"excerpt":{"rendered":"<p>CKR-dyrnummer: 40041-03855. Klik her for at se oplysningerne om Hamburger i CHR. Hamburger\u00a0er en lille s\u00f8d Jerseytyrekalv, der blev f\u00f8dt\u00a014. Januar 2011. For at den stakkels lille fyr ikke skal s\u00e6tte sin mule op efter et langt, lykkeligt liv p\u00e5 &hellip; <a href=\"https:\/\/www.sangild.net\/?page_id=81\">L\u00e6s resten <span class=\"meta-nav\">&rarr;<\/span><\/a><\/p>\n","protected":false},"author":1,"featured_media":0,"parent":78,"menu_order":0,"comment_status":"closed","ping_status":"closed","template":"","meta":{"footnotes":""},"class_list":["post-81","page","type-page","status-publish","hentry"],"_links":{"self":[{"href":"https:\/\/www.sangild.net\/index.php?rest_route=\/wp\/v2\/pages\/81","targetHints":{"allow":["GET"]}}],"collection":[{"href":"https:\/\/www.sangild.net\/index.php?rest_route=\/wp\/v2\/pages"}],"about":[{"href":"https:\/\/www.sangild.net\/index.php?rest_route=\/wp\/v2\/types\/page"}],"author":[{"embeddable":true,"href":"https:\/\/www.sangild.net\/index.php?rest_route=\/wp\/v2\/users\/1"}],"replies":[{"embeddable":true,"href":"https:\/\/www.sangild.net\/index.php?rest_route=%2Fwp%2Fv2%2Fcomments&post=81"}],"version-history":[{"count":8,"href":"https:\/\/www.sangild.net\/index.php?rest_route=\/wp\/v2\/pages\/81\/revisions"}],"predecessor-version":[{"id":205,"href":"https:\/\/www.sangild.net\/index.php?rest_route=\/wp\/v2\/pages\/81\/revisions\/205"}],"up":[{"embeddable":true,"href":"https:\/\/www.sangild.net\/index.php?rest_route=\/wp\/v2\/pages\/78"}],"wp:attachment":[{"href":"https:\/\/www.sangild.net\/index.php?rest_route=%2Fwp%2Fv2%2Fmedia&parent=81"}],"curies":[{"name":"wp","href":"https:\/\/api.w.org\/{rel}","templated":true}]}}