{"id":713,"date":"2014-04-14T17:44:17","date_gmt":"2014-04-14T16:44:17","guid":{"rendered":"http:\/\/www.sangild.net\/?page_id=713"},"modified":"2014-04-16T19:44:33","modified_gmt":"2014-04-16T18:44:33","slug":"aaaa","status":"publish","type":"page","link":"https:\/\/www.sangild.net\/?page_id=713","title":{"rendered":"Snowy"},"content":{"rendered":"<p>Nu er det ved at v\u00e6re noget tid siden, vi sidst har oprettet et dyr p\u00e5 siden, men faktisk blev vores gamle hund, Freja, aflivet grundet alderdom og kr\u00e6ft, ogs\u00e5 valgte vores datter, Jeanette Lynge, at vi skulle have en ny Golden Retriever, dog skulle den dog v\u00e6re hvid denne gang og hedde Snowy.<\/p>\n<p>Det skete s\u00e5 de dage i oktober m\u00e5ned, at Jeanette fandt en hollandsk familie n\u00e6r Skjern, der virkelig har hjertet p\u00e5 det rette sted og som netop havde f\u00e5et et kuld hvalpe 16. August. Vi besluttede os s\u00e5 for, at dem skulle vi da bare ned at se, nu hvor vi selv har familie i Holland og altid har elsket Goldens. Da vi kom derhen, faldte vi for Snowys s\u00f8de, s\u00f8de mor, som mindede s\u00e5 frygteligt meget om vores gamle hund, Freja. Vi blev s\u00e5 introduceret til alle hvalpene og fik at vide, hvilke der var tilbage og kunne k\u00f8bes, og med det samme havde Jeanette udset sig en hvalp, men der var farmand ikke enig, s\u00e5 hurtigt fik hun skiftet mening, ogs\u00e5 skal vi ellers love for, vi fik en basse med os hjem et par uger senere, og her kan i selv bed\u00f8mme, hvad i synes vores lille vaps er:<\/p>\n<p>&nbsp;<\/p>\n<p><a href=\"http:\/\/www.sangild.net\/wp-content\/uploads\/2014\/04\/988319_10202107508798120_87959739_n.jpg\"><img loading=\"lazy\" decoding=\"async\" class=\"alignnone size-medium wp-image-716\" alt=\"988319_10202107508798120_87959739_n\" src=\"http:\/\/www.sangild.net\/wp-content\/uploads\/2014\/04\/988319_10202107508798120_87959739_n-225x300.jpg\" width=\"225\" height=\"300\" srcset=\"https:\/\/www.sangild.net\/wp-content\/uploads\/2014\/04\/988319_10202107508798120_87959739_n-225x300.jpg 225w, https:\/\/www.sangild.net\/wp-content\/uploads\/2014\/04\/988319_10202107508798120_87959739_n-525x700.jpg 525w, https:\/\/www.sangild.net\/wp-content\/uploads\/2014\/04\/988319_10202107508798120_87959739_n.jpg 576w\" sizes=\"auto, (max-width: 225px) 100vw, 225px\" \/><\/a> <a href=\"http:\/\/www.sangild.net\/wp-content\/uploads\/2014\/04\/DSC_0001.jpg\"><img loading=\"lazy\" decoding=\"async\" class=\"alignnone size-medium wp-image-717\" alt=\"DSC_0001\" src=\"http:\/\/www.sangild.net\/wp-content\/uploads\/2014\/04\/DSC_0001-300x101.jpg\" width=\"300\" height=\"101\" srcset=\"https:\/\/www.sangild.net\/wp-content\/uploads\/2014\/04\/DSC_0001-300x101.jpg 300w, https:\/\/www.sangild.net\/wp-content\/uploads\/2014\/04\/DSC_0001-1024x345.jpg 1024w, https:\/\/www.sangild.net\/wp-content\/uploads\/2014\/04\/DSC_0001-700x236.jpg 700w\" sizes=\"auto, (max-width: 300px) 100vw, 300px\" \/><\/a> <a href=\"http:\/\/www.sangild.net\/wp-content\/uploads\/2014\/04\/DSC_0002.jpg\"><img loading=\"lazy\" decoding=\"async\" class=\"alignnone size-medium wp-image-718\" alt=\"DSC_0002\" src=\"http:\/\/www.sangild.net\/wp-content\/uploads\/2014\/04\/DSC_0002-300x200.jpg\" width=\"300\" height=\"200\" srcset=\"https:\/\/www.sangild.net\/wp-content\/uploads\/2014\/04\/DSC_0002-300x200.jpg 300w, https:\/\/www.sangild.net\/wp-content\/uploads\/2014\/04\/DSC_0002-1024x682.jpg 1024w, https:\/\/www.sangild.net\/wp-content\/uploads\/2014\/04\/DSC_0002-700x466.jpg 700w\" sizes=\"auto, (max-width: 300px) 100vw, 300px\" \/><\/a> <a href=\"http:\/\/www.sangild.net\/wp-content\/uploads\/2014\/04\/DSC_0003.jpg\"><img loading=\"lazy\" decoding=\"async\" class=\"alignnone size-medium wp-image-719\" alt=\"DSC_0003\" src=\"http:\/\/www.sangild.net\/wp-content\/uploads\/2014\/04\/DSC_0003-300x200.jpg\" width=\"300\" height=\"200\" srcset=\"https:\/\/www.sangild.net\/wp-content\/uploads\/2014\/04\/DSC_0003-300x200.jpg 300w, https:\/\/www.sangild.net\/wp-content\/uploads\/2014\/04\/DSC_0003-1024x682.jpg 1024w, https:\/\/www.sangild.net\/wp-content\/uploads\/2014\/04\/DSC_0003-700x466.jpg 700w\" sizes=\"auto, (max-width: 300px) 100vw, 300px\" \/><\/a> <a href=\"http:\/\/www.sangild.net\/wp-content\/uploads\/2014\/04\/DSC_0004-3.jpg\"><img loading=\"lazy\" decoding=\"async\" class=\"alignnone size-medium wp-image-720\" alt=\"DSC_0004 (3)\" src=\"http:\/\/www.sangild.net\/wp-content\/uploads\/2014\/04\/DSC_0004-3-300x200.jpg\" width=\"300\" height=\"200\" srcset=\"https:\/\/www.sangild.net\/wp-content\/uploads\/2014\/04\/DSC_0004-3-300x200.jpg 300w, https:\/\/www.sangild.net\/wp-content\/uploads\/2014\/04\/DSC_0004-3-1024x682.jpg 1024w, https:\/\/www.sangild.net\/wp-content\/uploads\/2014\/04\/DSC_0004-3-700x466.jpg 700w\" sizes=\"auto, (max-width: 300px) 100vw, 300px\" \/><\/a> <a href=\"http:\/\/www.sangild.net\/wp-content\/uploads\/2014\/04\/DSC_0005-2.jpg\"><img loading=\"lazy\" decoding=\"async\" class=\"alignnone size-medium wp-image-721\" alt=\"DSC_0005 (2)\" src=\"http:\/\/www.sangild.net\/wp-content\/uploads\/2014\/04\/DSC_0005-2-300x200.jpg\" width=\"300\" height=\"200\" srcset=\"https:\/\/www.sangild.net\/wp-content\/uploads\/2014\/04\/DSC_0005-2-300x200.jpg 300w, https:\/\/www.sangild.net\/wp-content\/uploads\/2014\/04\/DSC_0005-2-1024x682.jpg 1024w, https:\/\/www.sangild.net\/wp-content\/uploads\/2014\/04\/DSC_0005-2-700x466.jpg 700w\" sizes=\"auto, (max-width: 300px) 100vw, 300px\" \/><\/a> <a href=\"http:\/\/www.sangild.net\/wp-content\/uploads\/2014\/04\/DSC_0007-2.jpg\"><img loading=\"lazy\" decoding=\"async\" class=\"alignnone size-medium wp-image-722\" alt=\"DSC_0007 (2)\" src=\"http:\/\/www.sangild.net\/wp-content\/uploads\/2014\/04\/DSC_0007-2-300x200.jpg\" width=\"300\" height=\"200\" srcset=\"https:\/\/www.sangild.net\/wp-content\/uploads\/2014\/04\/DSC_0007-2-300x200.jpg 300w, https:\/\/www.sangild.net\/wp-content\/uploads\/2014\/04\/DSC_0007-2-1024x682.jpg 1024w, https:\/\/www.sangild.net\/wp-content\/uploads\/2014\/04\/DSC_0007-2-700x466.jpg 700w\" sizes=\"auto, (max-width: 300px) 100vw, 300px\" \/><\/a> <a href=\"http:\/\/www.sangild.net\/wp-content\/uploads\/2014\/04\/DSC_0010.jpg\"><img loading=\"lazy\" decoding=\"async\" class=\"alignnone size-medium wp-image-723\" alt=\"DSC_0010\" src=\"http:\/\/www.sangild.net\/wp-content\/uploads\/2014\/04\/DSC_0010-300x200.jpg\" width=\"300\" height=\"200\" srcset=\"https:\/\/www.sangild.net\/wp-content\/uploads\/2014\/04\/DSC_0010-300x200.jpg 300w, https:\/\/www.sangild.net\/wp-content\/uploads\/2014\/04\/DSC_0010-1024x682.jpg 1024w, https:\/\/www.sangild.net\/wp-content\/uploads\/2014\/04\/DSC_0010-700x466.jpg 700w\" sizes=\"auto, (max-width: 300px) 100vw, 300px\" \/><\/a> <a href=\"http:\/\/www.sangild.net\/wp-content\/uploads\/2014\/04\/DSC_0011.jpg\"><img loading=\"lazy\" decoding=\"async\" class=\"alignnone size-medium wp-image-724\" alt=\"DSC_0011\" src=\"http:\/\/www.sangild.net\/wp-content\/uploads\/2014\/04\/DSC_0011-300x200.jpg\" width=\"300\" height=\"200\" srcset=\"https:\/\/www.sangild.net\/wp-content\/uploads\/2014\/04\/DSC_0011-300x200.jpg 300w, https:\/\/www.sangild.net\/wp-content\/uploads\/2014\/04\/DSC_0011-1024x682.jpg 1024w, https:\/\/www.sangild.net\/wp-content\/uploads\/2014\/04\/DSC_0011-700x466.jpg 700w\" sizes=\"auto, (max-width: 300px) 100vw, 300px\" \/><\/a> <a href=\"http:\/\/www.sangild.net\/wp-content\/uploads\/2014\/04\/DSC_0014-2.jpg\"><img loading=\"lazy\" decoding=\"async\" class=\"alignnone size-medium wp-image-725\" alt=\"DSC_0014 (2)\" src=\"http:\/\/www.sangild.net\/wp-content\/uploads\/2014\/04\/DSC_0014-2-300x200.jpg\" width=\"300\" height=\"200\" srcset=\"https:\/\/www.sangild.net\/wp-content\/uploads\/2014\/04\/DSC_0014-2-300x200.jpg 300w, https:\/\/www.sangild.net\/wp-content\/uploads\/2014\/04\/DSC_0014-2-1024x682.jpg 1024w, https:\/\/www.sangild.net\/wp-content\/uploads\/2014\/04\/DSC_0014-2-700x466.jpg 700w\" sizes=\"auto, (max-width: 300px) 100vw, 300px\" \/><\/a> <a href=\"http:\/\/www.sangild.net\/wp-content\/uploads\/2014\/04\/DSC_0020.jpg\"><img loading=\"lazy\" decoding=\"async\" class=\"alignnone size-medium wp-image-726\" alt=\"DSC_0020\" src=\"http:\/\/www.sangild.net\/wp-content\/uploads\/2014\/04\/DSC_0020-300x200.jpg\" width=\"300\" height=\"200\" srcset=\"https:\/\/www.sangild.net\/wp-content\/uploads\/2014\/04\/DSC_0020-300x200.jpg 300w, https:\/\/www.sangild.net\/wp-content\/uploads\/2014\/04\/DSC_0020-1024x682.jpg 1024w, https:\/\/www.sangild.net\/wp-content\/uploads\/2014\/04\/DSC_0020-700x466.jpg 700w\" sizes=\"auto, (max-width: 300px) 100vw, 300px\" \/><\/a> <a href=\"http:\/\/www.sangild.net\/wp-content\/uploads\/2014\/04\/DSC_0022-2.jpg\"><img loading=\"lazy\" decoding=\"async\" class=\"alignnone size-medium wp-image-727\" alt=\"DSC_0022 (2)\" src=\"http:\/\/www.sangild.net\/wp-content\/uploads\/2014\/04\/DSC_0022-2-300x200.jpg\" width=\"300\" height=\"200\" srcset=\"https:\/\/www.sangild.net\/wp-content\/uploads\/2014\/04\/DSC_0022-2-300x200.jpg 300w, https:\/\/www.sangild.net\/wp-content\/uploads\/2014\/04\/DSC_0022-2-1024x682.jpg 1024w, https:\/\/www.sangild.net\/wp-content\/uploads\/2014\/04\/DSC_0022-2-700x466.jpg 700w\" sizes=\"auto, (max-width: 300px) 100vw, 300px\" \/><\/a> <a href=\"http:\/\/www.sangild.net\/wp-content\/uploads\/2014\/04\/DSC_0038.jpg\"><img loading=\"lazy\" decoding=\"async\" class=\"alignnone size-medium wp-image-728\" alt=\"DSC_0038\" src=\"http:\/\/www.sangild.net\/wp-content\/uploads\/2014\/04\/DSC_0038-300x200.jpg\" width=\"300\" height=\"200\" srcset=\"https:\/\/www.sangild.net\/wp-content\/uploads\/2014\/04\/DSC_0038-300x200.jpg 300w, https:\/\/www.sangild.net\/wp-content\/uploads\/2014\/04\/DSC_0038-1024x682.jpg 1024w, https:\/\/www.sangild.net\/wp-content\/uploads\/2014\/04\/DSC_0038-700x466.jpg 700w\" sizes=\"auto, (max-width: 300px) 100vw, 300px\" \/><\/a> <a href=\"http:\/\/www.sangild.net\/wp-content\/uploads\/2014\/04\/DSC_0039.jpg\"><img loading=\"lazy\" decoding=\"async\" class=\"alignnone size-medium wp-image-729\" alt=\"DSC_0039\" src=\"http:\/\/www.sangild.net\/wp-content\/uploads\/2014\/04\/DSC_0039-300x200.jpg\" width=\"300\" height=\"200\" srcset=\"https:\/\/www.sangild.net\/wp-content\/uploads\/2014\/04\/DSC_0039-300x200.jpg 300w, https:\/\/www.sangild.net\/wp-content\/uploads\/2014\/04\/DSC_0039-1024x682.jpg 1024w, https:\/\/www.sangild.net\/wp-content\/uploads\/2014\/04\/DSC_0039-700x466.jpg 700w\" sizes=\"auto, (max-width: 300px) 100vw, 300px\" \/><\/a> <a href=\"http:\/\/www.sangild.net\/wp-content\/uploads\/2014\/04\/DSC_0058.NEF_.jpg\"><img loading=\"lazy\" decoding=\"async\" class=\"alignnone size-medium wp-image-730\" alt=\"DSC_0058.NEF\" src=\"http:\/\/www.sangild.net\/wp-content\/uploads\/2014\/04\/DSC_0058.NEF_-300x156.jpg\" width=\"300\" height=\"156\" srcset=\"https:\/\/www.sangild.net\/wp-content\/uploads\/2014\/04\/DSC_0058.NEF_-300x156.jpg 300w, https:\/\/www.sangild.net\/wp-content\/uploads\/2014\/04\/DSC_0058.NEF_-1024x534.jpg 1024w, https:\/\/www.sangild.net\/wp-content\/uploads\/2014\/04\/DSC_0058.NEF_-700x365.jpg 700w\" sizes=\"auto, (max-width: 300px) 100vw, 300px\" \/><\/a> <a href=\"http:\/\/www.sangild.net\/wp-content\/uploads\/2014\/04\/IMG_0333.jpg\"><img loading=\"lazy\" decoding=\"async\" class=\"alignnone size-medium wp-image-731\" alt=\"IMG_0333\" src=\"http:\/\/www.sangild.net\/wp-content\/uploads\/2014\/04\/IMG_0333-300x225.jpg\" width=\"300\" height=\"225\" srcset=\"https:\/\/www.sangild.net\/wp-content\/uploads\/2014\/04\/IMG_0333-300x225.jpg 300w, https:\/\/www.sangild.net\/wp-content\/uploads\/2014\/04\/IMG_0333-700x525.jpg 700w, https:\/\/www.sangild.net\/wp-content\/uploads\/2014\/04\/IMG_0333.jpg 960w\" sizes=\"auto, (max-width: 300px) 100vw, 300px\" \/><\/a> <a href=\"http:\/\/www.sangild.net\/wp-content\/uploads\/2014\/04\/IMG_0491.jpg\"><img loading=\"lazy\" decoding=\"async\" class=\"alignnone size-medium wp-image-732\" alt=\"IMG_0491\" src=\"http:\/\/www.sangild.net\/wp-content\/uploads\/2014\/04\/IMG_0491-300x225.jpg\" width=\"300\" height=\"225\" srcset=\"https:\/\/www.sangild.net\/wp-content\/uploads\/2014\/04\/IMG_0491-300x225.jpg 300w, https:\/\/www.sangild.net\/wp-content\/uploads\/2014\/04\/IMG_0491-1024x768.jpg 1024w, https:\/\/www.sangild.net\/wp-content\/uploads\/2014\/04\/IMG_0491-700x525.jpg 700w\" sizes=\"auto, (max-width: 300px) 100vw, 300px\" \/><\/a> <a href=\"http:\/\/www.sangild.net\/wp-content\/uploads\/2014\/04\/IMG_0681.jpg\"><img loading=\"lazy\" decoding=\"async\" class=\"alignnone size-medium wp-image-733\" alt=\"IMG_0681\" src=\"http:\/\/www.sangild.net\/wp-content\/uploads\/2014\/04\/IMG_0681-225x300.jpg\" width=\"225\" height=\"300\" srcset=\"https:\/\/www.sangild.net\/wp-content\/uploads\/2014\/04\/IMG_0681-225x300.jpg 225w, https:\/\/www.sangild.net\/wp-content\/uploads\/2014\/04\/IMG_0681-768x1024.jpg 768w, https:\/\/www.sangild.net\/wp-content\/uploads\/2014\/04\/IMG_0681-525x700.jpg 525w\" sizes=\"auto, (max-width: 225px) 100vw, 225px\" \/><\/a> <a href=\"http:\/\/www.sangild.net\/wp-content\/uploads\/2014\/04\/IMG_0683.jpg\"><img loading=\"lazy\" decoding=\"async\" class=\"alignnone size-medium wp-image-734\" alt=\"IMG_0683\" src=\"http:\/\/www.sangild.net\/wp-content\/uploads\/2014\/04\/IMG_0683-300x225.jpg\" width=\"300\" height=\"225\" srcset=\"https:\/\/www.sangild.net\/wp-content\/uploads\/2014\/04\/IMG_0683-300x225.jpg 300w, https:\/\/www.sangild.net\/wp-content\/uploads\/2014\/04\/IMG_0683-1024x768.jpg 1024w, https:\/\/www.sangild.net\/wp-content\/uploads\/2014\/04\/IMG_0683-700x525.jpg 700w\" sizes=\"auto, (max-width: 300px) 100vw, 300px\" \/><\/a> <a href=\"http:\/\/www.sangild.net\/wp-content\/uploads\/2014\/04\/IMG_0704.jpg\"><img loading=\"lazy\" decoding=\"async\" class=\"alignnone size-medium wp-image-735\" alt=\"IMG_0704\" src=\"http:\/\/www.sangild.net\/wp-content\/uploads\/2014\/04\/IMG_0704-225x300.jpg\" width=\"225\" height=\"300\" srcset=\"https:\/\/www.sangild.net\/wp-content\/uploads\/2014\/04\/IMG_0704-225x300.jpg 225w, https:\/\/www.sangild.net\/wp-content\/uploads\/2014\/04\/IMG_0704-768x1024.jpg 768w, https:\/\/www.sangild.net\/wp-content\/uploads\/2014\/04\/IMG_0704-525x700.jpg 525w\" sizes=\"auto, (max-width: 225px) 100vw, 225px\" \/><\/a> <a href=\"http:\/\/www.sangild.net\/wp-content\/uploads\/2014\/04\/IMG_0710.jpg\"><img loading=\"lazy\" decoding=\"async\" class=\"alignnone size-medium wp-image-736\" alt=\"IMG_0710\" src=\"http:\/\/www.sangild.net\/wp-content\/uploads\/2014\/04\/IMG_0710-300x225.jpg\" width=\"300\" height=\"225\" srcset=\"https:\/\/www.sangild.net\/wp-content\/uploads\/2014\/04\/IMG_0710-300x225.jpg 300w, https:\/\/www.sangild.net\/wp-content\/uploads\/2014\/04\/IMG_0710-1024x768.jpg 1024w, https:\/\/www.sangild.net\/wp-content\/uploads\/2014\/04\/IMG_0710-700x525.jpg 700w\" sizes=\"auto, (max-width: 300px) 100vw, 300px\" \/><\/a> <a href=\"http:\/\/www.sangild.net\/wp-content\/uploads\/2014\/04\/IMG_0759.jpg\"><img loading=\"lazy\" decoding=\"async\" class=\"alignnone size-medium wp-image-737\" alt=\"IMG_0759\" src=\"http:\/\/www.sangild.net\/wp-content\/uploads\/2014\/04\/IMG_0759-300x225.jpg\" width=\"300\" height=\"225\" srcset=\"https:\/\/www.sangild.net\/wp-content\/uploads\/2014\/04\/IMG_0759-300x225.jpg 300w, https:\/\/www.sangild.net\/wp-content\/uploads\/2014\/04\/IMG_0759-1024x768.jpg 1024w, https:\/\/www.sangild.net\/wp-content\/uploads\/2014\/04\/IMG_0759-700x525.jpg 700w\" sizes=\"auto, (max-width: 300px) 100vw, 300px\" \/><\/a> <a href=\"http:\/\/www.sangild.net\/wp-content\/uploads\/2014\/04\/IMG_0784.jpg\"><img loading=\"lazy\" decoding=\"async\" class=\"alignnone size-medium wp-image-738\" alt=\"IMG_0784\" src=\"http:\/\/www.sangild.net\/wp-content\/uploads\/2014\/04\/IMG_0784-225x300.jpg\" width=\"225\" height=\"300\" srcset=\"https:\/\/www.sangild.net\/wp-content\/uploads\/2014\/04\/IMG_0784-225x300.jpg 225w, https:\/\/www.sangild.net\/wp-content\/uploads\/2014\/04\/IMG_0784-768x1024.jpg 768w, https:\/\/www.sangild.net\/wp-content\/uploads\/2014\/04\/IMG_0784-525x700.jpg 525w\" sizes=\"auto, (max-width: 225px) 100vw, 225px\" \/><\/a> <a href=\"http:\/\/www.sangild.net\/wp-content\/uploads\/2014\/04\/IMG_0801.jpg\"><img loading=\"lazy\" decoding=\"async\" class=\"alignnone size-medium wp-image-739\" alt=\"IMG_0801\" src=\"http:\/\/www.sangild.net\/wp-content\/uploads\/2014\/04\/IMG_0801-300x225.jpg\" width=\"300\" height=\"225\" srcset=\"https:\/\/www.sangild.net\/wp-content\/uploads\/2014\/04\/IMG_0801-300x225.jpg 300w, https:\/\/www.sangild.net\/wp-content\/uploads\/2014\/04\/IMG_0801-1024x768.jpg 1024w, https:\/\/www.sangild.net\/wp-content\/uploads\/2014\/04\/IMG_0801-700x525.jpg 700w\" sizes=\"auto, (max-width: 300px) 100vw, 300px\" \/><\/a><\/p>\n<p>Snowy er nu snart 8 m\u00e5neder gammel, og om ikke han opf\u00f8rer sig som en. Han er nok den mest aktive hund, vi har haft, og han skal ud p\u00e5 tur hver dag i skoven og kan han f\u00e5 lov til at ligge i haven dagen lang, er han lykkelig! I starten gik vi til hvalpetr\u00e6ning med ham, hvor Jeanette var f\u00f8reren, men da det sluttede, og vi skulle melde os p\u00e5 et nyt hold, ville Pernille ikke var f\u00f8reren, som hun havde snakket om, s\u00e5 vi kom aldrig afsted. Dog kan vi lade os fort\u00e6lle, at Snowy er p\u00e5 en del playdates, hundeskovsture, l\u00f8beture og cykelture, s\u00e5 han m\u00f8der ofte hunde. Han har foruden ogs\u00e5 f\u00e5et en k\u00e6mpe k\u00e6rlighed for heste og alle andre dyr, selvom vi st\u00e6rkt pr\u00f8ver p\u00e5 at l\u00e6re ham, at katte IKKE skal v\u00e6re i vores have. Jeanettes kanin, Stampe, kan heller ikke f\u00e5 fred fra ham ude i haven, s\u00e5 hver dag k\u00e6mper hun en brag kamp om at f\u00e5 Stampe ind i et rent bur uden Snowy f\u00e5r en smagspr\u00f8ve.<\/p>\n<p>I t\u00e6nker sikkert, Jesus, en hund! Men der er mere endnu \ud83d\ude09 Snowy har skam sin egen sofa, som han nyder meget, og med al den leget\u00f8j, han har nu, er der altid en eller to ting der skal leges og kastets i hovedet p\u00e5 dem i n\u00e6rheden, og han vejer endda over 30 kg nu! Han er en utrolig s\u00f8d og bet\u00e6nksom hund, som virkelig har v\u00e6ret der for os, da vi ikke troede en ny hund ville v\u00e6re det rette for os s\u00e5 tidligt, men hold da fast! Vi er virkelig glade for ham, og vi kommer aldrig til at kunne takke den dejlige hollandske familie nok for den hund vi fik med os hjem, pivende, men stille og roligt larmende og logrende \ud83d\ude00 Han er en hund i verdensklasse, som griber pinde i en spurt ned af markerne, og som vi aldrig vil kunne give slip p\u00e5. Ja, vi har f\u00e5et et nyt familiemedlem, som vi kun kan v\u00e6re stolt og glad for, og han kommer til at blive her for altid, vores lille Snavsky\/Snowsky \ud83d\ude42 \ud83d\ude42<\/p>\n<p><a href=\"http:\/\/www.sangild.net\/wp-content\/uploads\/2014\/04\/DSC_0043.jpg\"><img loading=\"lazy\" decoding=\"async\" class=\"alignnone size-medium wp-image-740\" alt=\"DSC_0043\" src=\"http:\/\/www.sangild.net\/wp-content\/uploads\/2014\/04\/DSC_0043-300x200.jpg\" width=\"300\" height=\"200\" srcset=\"https:\/\/www.sangild.net\/wp-content\/uploads\/2014\/04\/DSC_0043-300x200.jpg 300w, https:\/\/www.sangild.net\/wp-content\/uploads\/2014\/04\/DSC_0043-1024x682.jpg 1024w, https:\/\/www.sangild.net\/wp-content\/uploads\/2014\/04\/DSC_0043-700x466.jpg 700w\" sizes=\"auto, (max-width: 300px) 100vw, 300px\" \/><\/a> <a href=\"http:\/\/www.sangild.net\/wp-content\/uploads\/2014\/04\/DSC_0048-2.jpg\"><img loading=\"lazy\" decoding=\"async\" class=\"alignnone size-medium wp-image-741\" alt=\"DSC_0048 (2)\" src=\"http:\/\/www.sangild.net\/wp-content\/uploads\/2014\/04\/DSC_0048-2-300x200.jpg\" width=\"300\" height=\"200\" srcset=\"https:\/\/www.sangild.net\/wp-content\/uploads\/2014\/04\/DSC_0048-2-300x200.jpg 300w, https:\/\/www.sangild.net\/wp-content\/uploads\/2014\/04\/DSC_0048-2-1024x682.jpg 1024w, https:\/\/www.sangild.net\/wp-content\/uploads\/2014\/04\/DSC_0048-2-700x466.jpg 700w\" sizes=\"auto, (max-width: 300px) 100vw, 300px\" \/><\/a> <a href=\"http:\/\/www.sangild.net\/wp-content\/uploads\/2014\/04\/DSC_0049-2.jpg\"><img loading=\"lazy\" decoding=\"async\" class=\"alignnone size-medium wp-image-742\" alt=\"DSC_0049 (2)\" src=\"http:\/\/www.sangild.net\/wp-content\/uploads\/2014\/04\/DSC_0049-2-300x200.jpg\" width=\"300\" height=\"200\" srcset=\"https:\/\/www.sangild.net\/wp-content\/uploads\/2014\/04\/DSC_0049-2-300x200.jpg 300w, https:\/\/www.sangild.net\/wp-content\/uploads\/2014\/04\/DSC_0049-2-1024x682.jpg 1024w, https:\/\/www.sangild.net\/wp-content\/uploads\/2014\/04\/DSC_0049-2-700x466.jpg 700w\" sizes=\"auto, (max-width: 300px) 100vw, 300px\" \/><\/a> <a href=\"http:\/\/www.sangild.net\/wp-content\/uploads\/2014\/04\/DSC_0050-2.jpg\"><img loading=\"lazy\" decoding=\"async\" class=\"alignnone size-medium wp-image-743\" alt=\"DSC_0050 (2)\" src=\"http:\/\/www.sangild.net\/wp-content\/uploads\/2014\/04\/DSC_0050-2-300x200.jpg\" width=\"300\" height=\"200\" srcset=\"https:\/\/www.sangild.net\/wp-content\/uploads\/2014\/04\/DSC_0050-2-300x200.jpg 300w, https:\/\/www.sangild.net\/wp-content\/uploads\/2014\/04\/DSC_0050-2-1024x682.jpg 1024w, https:\/\/www.sangild.net\/wp-content\/uploads\/2014\/04\/DSC_0050-2-700x466.jpg 700w\" sizes=\"auto, (max-width: 300px) 100vw, 300px\" \/><\/a><\/p>\n<p>&nbsp;<\/p>\n","protected":false},"excerpt":{"rendered":"<p>Nu er det ved at v\u00e6re noget tid siden, vi sidst har oprettet et dyr p\u00e5 siden, men faktisk blev vores gamle hund, Freja, aflivet grundet alderdom og kr\u00e6ft, ogs\u00e5 valgte vores datter, Jeanette Lynge, at vi skulle have en &hellip; <a href=\"https:\/\/www.sangild.net\/?page_id=713\">L\u00e6s resten <span class=\"meta-nav\">&rarr;<\/span><\/a><\/p>\n","protected":false},"author":1,"featured_media":717,"parent":102,"menu_order":0,"comment_status":"closed","ping_status":"closed","template":"","meta":{"footnotes":""},"class_list":["post-713","page","type-page","status-publish","has-post-thumbnail","hentry"],"_links":{"self":[{"href":"https:\/\/www.sangild.net\/index.php?rest_route=\/wp\/v2\/pages\/713","targetHints":{"allow":["GET"]}}],"collection":[{"href":"https:\/\/www.sangild.net\/index.php?rest_route=\/wp\/v2\/pages"}],"about":[{"href":"https:\/\/www.sangild.net\/index.php?rest_route=\/wp\/v2\/types\/page"}],"author":[{"embeddable":true,"href":"https:\/\/www.sangild.net\/index.php?rest_route=\/wp\/v2\/users\/1"}],"replies":[{"embeddable":true,"href":"https:\/\/www.sangild.net\/index.php?rest_route=%2Fwp%2Fv2%2Fcomments&post=713"}],"version-history":[{"count":4,"href":"https:\/\/www.sangild.net\/index.php?rest_route=\/wp\/v2\/pages\/713\/revisions"}],"predecessor-version":[{"id":745,"href":"https:\/\/www.sangild.net\/index.php?rest_route=\/wp\/v2\/pages\/713\/revisions\/745"}],"up":[{"embeddable":true,"href":"https:\/\/www.sangild.net\/index.php?rest_route=\/wp\/v2\/pages\/102"}],"wp:featuredmedia":[{"embeddable":true,"href":"https:\/\/www.sangild.net\/index.php?rest_route=\/wp\/v2\/media\/717"}],"wp:attachment":[{"href":"https:\/\/www.sangild.net\/index.php?rest_route=%2Fwp%2Fv2%2Fmedia&parent=713"}],"curies":[{"name":"wp","href":"https:\/\/api.w.org\/{rel}","templated":true}]}}