{"id":688,"date":"2013-04-10T16:48:05","date_gmt":"2013-04-10T15:48:05","guid":{"rendered":"http:\/\/www.sangild.net\/?page_id=688"},"modified":"2013-04-10T16:52:52","modified_gmt":"2013-04-10T15:52:52","slug":"sangild-net-isolda","status":"publish","type":"page","link":"https:\/\/www.sangild.net\/?page_id=688","title":{"rendered":"Sangild.net Isolda"},"content":{"rendered":"<p><a href=\"http:\/\/www.sangild.net\/wp-content\/uploads\/2013\/04\/Isolda-2.jpg\"><img loading=\"lazy\" decoding=\"async\" class=\"size-medium wp-image-689 alignright\" alt=\"Isolda\" src=\"http:\/\/www.sangild.net\/wp-content\/uploads\/2013\/04\/Isolda-2-286x300.jpg\" width=\"286\" height=\"300\" srcset=\"https:\/\/www.sangild.net\/wp-content\/uploads\/2013\/04\/Isolda-2-286x300.jpg 286w, https:\/\/www.sangild.net\/wp-content\/uploads\/2013\/04\/Isolda-2-977x1024.jpg 977w, https:\/\/www.sangild.net\/wp-content\/uploads\/2013\/04\/Isolda-2-477x500.jpg 477w, https:\/\/www.sangild.net\/wp-content\/uploads\/2013\/04\/Isolda-2.jpg 1551w\" sizes=\"auto, (max-width: 286px) 100vw, 286px\" \/><\/a>CKR-dyrnummer: 36666-00078. <a href=\"http:\/\/www.glr-chr.dk\/pls\/glrchr\/webchr04dyr$v_webdyr.QueryViewByKey?P_vgdyr_dyr_id=1014397277&amp;Z_CHK=19467\" target=\"_blank\">Klik her for at se\u00a0oplysningerne om\u00a0Idor i CHR.<\/a><\/p>\n<p>Hej. Jeg er lige blevet f\u00f8dt og min mor <a title=\"Maren\" href=\"http:\/\/www.sangild.net\/?page_id=186\">Maren<\/a> muh-ko har fortalt at jeg er noget s\u00e5 sj\u00e6ldent som en Simmentotte.<\/p>\n<p>Simmentotte\u00a0er en meget speciel race &#8211; jeg tror kun der findes mig! Min far, der hedder <a title=\"Gilje\" href=\"http:\/\/www.sangild.net\/?page_id=569\">Gilje<\/a>, er nemlig en Skotte og min mor <a title=\"Maren\" href=\"http:\/\/www.sangild.net\/?page_id=186\">Maren<\/a> er en Simmentaler. Og s\u00e5 bliver man vel til en Simmentotte? \ud83d\ude42<\/p>\n<p>Egentligt troede min ejer Poul-Erik, at han havde f\u00e5et de kalve han skulle have d. 9\/4-2013, men han blev noget overrasket da Pernille kom og fortalte ham at min mor var ved at k\u00e6lve.<\/p>\n<p>Indtil videre g\u00e5r jeg inde sammen med min mor, men jeg kan h\u00f8re der g\u00e5r nogle andre udenfor og heldigvis skal jeg snart ud p\u00e5 marken sammen med min mor.<\/p>\n<p><a href=\"http:\/\/www.sangild.net\/wp-content\/uploads\/2013\/04\/Isolda.jpg\"><img loading=\"lazy\" decoding=\"async\" class=\"aligncenter size-large wp-image-690\" alt=\"Isolda\" src=\"http:\/\/www.sangild.net\/wp-content\/uploads\/2013\/04\/Isolda-709x1024.jpg\" width=\"640\" height=\"924\" srcset=\"https:\/\/www.sangild.net\/wp-content\/uploads\/2013\/04\/Isolda-709x1024.jpg 709w, https:\/\/www.sangild.net\/wp-content\/uploads\/2013\/04\/Isolda-207x300.jpg 207w, https:\/\/www.sangild.net\/wp-content\/uploads\/2013\/04\/Isolda-346x500.jpg 346w, https:\/\/www.sangild.net\/wp-content\/uploads\/2013\/04\/Isolda.jpg 1101w\" sizes=\"auto, (max-width: 640px) 100vw, 640px\" \/><\/a><\/p>\n","protected":false},"excerpt":{"rendered":"<p>CKR-dyrnummer: 36666-00078. Klik her for at se\u00a0oplysningerne om\u00a0Idor i CHR. Hej. Jeg er lige blevet f\u00f8dt og min mor Maren muh-ko har fortalt at jeg er noget s\u00e5 sj\u00e6ldent som en Simmentotte. Simmentotte\u00a0er en meget speciel race &#8211; jeg tror &hellip; <a href=\"https:\/\/www.sangild.net\/?page_id=688\">L\u00e6s resten <span class=\"meta-nav\">&rarr;<\/span><\/a><\/p>\n","protected":false},"author":1,"featured_media":0,"parent":78,"menu_order":120,"comment_status":"closed","ping_status":"closed","template":"","meta":{"footnotes":""},"class_list":["post-688","page","type-page","status-publish","hentry"],"_links":{"self":[{"href":"https:\/\/www.sangild.net\/index.php?rest_route=\/wp\/v2\/pages\/688","targetHints":{"allow":["GET"]}}],"collection":[{"href":"https:\/\/www.sangild.net\/index.php?rest_route=\/wp\/v2\/pages"}],"about":[{"href":"https:\/\/www.sangild.net\/index.php?rest_route=\/wp\/v2\/types\/page"}],"author":[{"embeddable":true,"href":"https:\/\/www.sangild.net\/index.php?rest_route=\/wp\/v2\/users\/1"}],"replies":[{"embeddable":true,"href":"https:\/\/www.sangild.net\/index.php?rest_route=%2Fwp%2Fv2%2Fcomments&post=688"}],"version-history":[{"count":2,"href":"https:\/\/www.sangild.net\/index.php?rest_route=\/wp\/v2\/pages\/688\/revisions"}],"predecessor-version":[{"id":693,"href":"https:\/\/www.sangild.net\/index.php?rest_route=\/wp\/v2\/pages\/688\/revisions\/693"}],"up":[{"embeddable":true,"href":"https:\/\/www.sangild.net\/index.php?rest_route=\/wp\/v2\/pages\/78"}],"wp:attachment":[{"href":"https:\/\/www.sangild.net\/index.php?rest_route=%2Fwp%2Fv2%2Fmedia&parent=688"}],"curies":[{"name":"wp","href":"https:\/\/api.w.org\/{rel}","templated":true}]}}