{"id":632,"date":"2012-09-15T19:33:32","date_gmt":"2012-09-15T18:33:32","guid":{"rendered":"http:\/\/www.sangild.net\/?page_id=632"},"modified":"2012-09-15T20:04:15","modified_gmt":"2012-09-15T19:04:15","slug":"nekita","status":"publish","type":"page","link":"https:\/\/www.sangild.net\/?page_id=632","title":{"rendered":"Nekita"},"content":{"rendered":"<p><a href=\"http:\/\/www.sangild.net\/wp-content\/uploads\/2012\/09\/DSC_0464.jpg\"><img loading=\"lazy\" decoding=\"async\" class=\"alignright  wp-image-634\" title=\"DSC_0464\" src=\"http:\/\/www.sangild.net\/wp-content\/uploads\/2012\/09\/DSC_0464-e1347733705988-436x1024.jpg\" alt=\"\" width=\"262\" height=\"614\" srcset=\"https:\/\/www.sangild.net\/wp-content\/uploads\/2012\/09\/DSC_0464-e1347733705988-436x1024.jpg 436w, https:\/\/www.sangild.net\/wp-content\/uploads\/2012\/09\/DSC_0464-e1347733705988.jpg 775w\" sizes=\"auto, (max-width: 262px) 100vw, 262px\" \/><\/a>Nekita er en hoppe af racen Dansk Sports Pony, f\u00f8dt d. 18. april 2003.<\/p>\n<p>Vi har k\u00f8bt Nekita d. 8. september 2012 da Pernille virkelig savnede at have en hest at nusse om. Vi har ellers ikke haft heste efter vi desv\u00e6rre m\u00e5tte aflive <a title=\"Caballino\" href=\"http:\/\/www.sangild.net\/?page_id=27\">Caballino<\/a> i Juli 2011. Pernille har brugt de sidste mange m\u00e5neder p\u00e5 at passe og pleje naboers og <a href=\"www.rideklubbenhinnitus.dk\/\" target=\"_blank\">Rideskolen Hinitus&#8217;<\/a>\u00a0heste, men hun har savnet selv at have hest &#8211; og nu fik hun os endelig overtalt.<\/p>\n<p>Nekitas for\u00e6ldre hedder i \u00f8vrigt noget s\u00e5 fornemt som Kiki (mor) og R\u00f8gild&#8217;s Kilimanjaro (far).<\/p>\n<p><a href=\"http:\/\/www.sangild.net\/wp-content\/uploads\/2012\/09\/DSC_0490.jpg\"><img loading=\"lazy\" decoding=\"async\" class=\"size-medium wp-image-635 alignleft\" title=\"DSC_0490\" src=\"http:\/\/www.sangild.net\/wp-content\/uploads\/2012\/09\/DSC_0490-300x168.jpg\" alt=\"\" width=\"300\" height=\"168\" srcset=\"https:\/\/www.sangild.net\/wp-content\/uploads\/2012\/09\/DSC_0490-300x168.jpg 300w, https:\/\/www.sangild.net\/wp-content\/uploads\/2012\/09\/DSC_0490-1024x576.jpg 1024w\" sizes=\"auto, (max-width: 300px) 100vw, 300px\" \/><\/a>Nekita er i \u00f8vrigt under opl\u00e6ring som ko &#8211; i hvert fald bliver hun holdt med selskab af Poul-Eriks bes\u00e6tning best\u00e5ende af Skotsk H\u00f8jlandskv\u00e6g, Simmentaler og Jersey kreaturer.<\/p>\n<p>&nbsp;<\/p>\n","protected":false},"excerpt":{"rendered":"<p>Nekita er en hoppe af racen Dansk Sports Pony, f\u00f8dt d. 18. april 2003. Vi har k\u00f8bt Nekita d. 8. september 2012 da Pernille virkelig savnede at have en hest at nusse om. Vi har ellers ikke haft heste efter &hellip; <a href=\"https:\/\/www.sangild.net\/?page_id=632\">L\u00e6s resten <span class=\"meta-nav\">&rarr;<\/span><\/a><\/p>\n","protected":false},"author":1,"featured_media":0,"parent":24,"menu_order":0,"comment_status":"closed","ping_status":"closed","template":"","meta":{"footnotes":""},"class_list":["post-632","page","type-page","status-publish","hentry"],"_links":{"self":[{"href":"https:\/\/www.sangild.net\/index.php?rest_route=\/wp\/v2\/pages\/632","targetHints":{"allow":["GET"]}}],"collection":[{"href":"https:\/\/www.sangild.net\/index.php?rest_route=\/wp\/v2\/pages"}],"about":[{"href":"https:\/\/www.sangild.net\/index.php?rest_route=\/wp\/v2\/types\/page"}],"author":[{"embeddable":true,"href":"https:\/\/www.sangild.net\/index.php?rest_route=\/wp\/v2\/users\/1"}],"replies":[{"embeddable":true,"href":"https:\/\/www.sangild.net\/index.php?rest_route=%2Fwp%2Fv2%2Fcomments&post=632"}],"version-history":[{"count":3,"href":"https:\/\/www.sangild.net\/index.php?rest_route=\/wp\/v2\/pages\/632\/revisions"}],"predecessor-version":[{"id":642,"href":"https:\/\/www.sangild.net\/index.php?rest_route=\/wp\/v2\/pages\/632\/revisions\/642"}],"up":[{"embeddable":true,"href":"https:\/\/www.sangild.net\/index.php?rest_route=\/wp\/v2\/pages\/24"}],"wp:attachment":[{"href":"https:\/\/www.sangild.net\/index.php?rest_route=%2Fwp%2Fv2%2Fmedia&parent=632"}],"curies":[{"name":"wp","href":"https:\/\/api.w.org\/{rel}","templated":true}]}}