{"id":569,"date":"2012-06-18T20:40:25","date_gmt":"2012-06-18T19:40:25","guid":{"rendered":"http:\/\/www.sangild.net\/?page_id=569"},"modified":"2012-06-25T07:13:29","modified_gmt":"2012-06-25T06:13:29","slug":"66636-552","status":"publish","type":"page","link":"https:\/\/www.sangild.net\/?page_id=569","title":{"rendered":"Gilje"},"content":{"rendered":"<p>CKR-dyrnummer: 66636-552. <a href=\"http:\/\/www.glr-chr.dk\/pls\/glrchr\/webchr04dyr$v_webdyr.QueryViewByKey?P_vgdyr_dyr_id=1012208333&amp;Z_CHK=15865\" target=\"_blank\">Klik her for at se oplysningerne om\u00a0Gilje i CHR<\/a>.<\/p>\n<p><a href=\"http:\/\/www.sangild.net\/wp-content\/uploads\/2012\/06\/11.jpg\"><img loading=\"lazy\" decoding=\"async\" class=\"alignright size-medium wp-image-570\" title=\"1\" src=\"http:\/\/www.sangild.net\/wp-content\/uploads\/2012\/06\/11-300x287.jpg\" alt=\"\" width=\"300\" height=\"287\" srcset=\"https:\/\/www.sangild.net\/wp-content\/uploads\/2012\/06\/11-300x287.jpg 300w, https:\/\/www.sangild.net\/wp-content\/uploads\/2012\/06\/11-1024x982.jpg 1024w\" sizes=\"auto, (max-width: 300px) 100vw, 300px\" \/><\/a>I dag &#8211; d. 18. juni 2012 &#8211;\u00a0hentede vi\u00a0Poul-Eriks nye l\u00e5ne-Tyr hos Bjergets Highland Cattle\u00a0i Trevad\u00a0&#8211; men vi glemte helt at sp\u00f8rge\u00a0hvad den hedder. Egentligt er det vel et tegn p\u00e5 at vi er ved at v\u00e6re &#8220;rigtige b\u00f8nder&#8221; &#8211; dvs. dyrenumrene er vigtigere end navne :-). N\u00e5 &#8211; det fik vi s\u00e5\u00a0afklaret efterf\u00f8lgende &#8211; han hedder Gilje.<\/p>\n<p>Tyren har Poul-Erik l\u00e5nt af <a href=\"http:\/\/www.mosgaardhighlandcattle.dk\" target=\"_blank\">Mosgaard Highland Cattle<\/a> (hvor ogs\u00e5 <a title=\"Elhoms Roxanne\" href=\"http:\/\/www.sangild.net\/?page_id=442\" target=\"_blank\">Roxanne<\/a> og <a title=\"Mosegaard Gipsy\" href=\"http:\/\/www.sangild.net\/?page_id=445\" target=\"_blank\">Gipsy<\/a> er fra) og det er meningen at l\u00e5netyren skal &#8220;servicere&#8221; &#8220;damerne&#8221; (dvs. <a title=\"Elhoms Roxanne\" href=\"http:\/\/www.sangild.net\/?page_id=442\" target=\"_blank\">Roxanne<\/a> og <a title=\"Maren\" href=\"http:\/\/www.sangild.net\/?page_id=186\" target=\"_blank\">Maren<\/a>)\u00a0p\u00e5 marken hen over sommeren\u00a0&#8211; og s\u00e5 m\u00e5 vi jo se hvad der kommer ud af det.<\/p>\n<p>M\u00e5ske kommer der b\u00e5de en rigtig ny Skotte til n\u00e6ste \u00e5r &#8211; og m\u00e5ske ogs\u00e5 en lille &#8220;baby&#8221;\u00a0&#8220;Sangild.Net Simmentotte&#8221;? (hvad kan en blanding mellem <strong>Simment<\/strong>aler og Sk<strong>otte<\/strong> ellers hedde n\u00e5r den er &#8220;opfundet&#8221; hos os? \ud83d\ude42 ).<a href=\"http:\/\/www.sangild.net\/wp-content\/uploads\/2012\/06\/21.jpg\"><img loading=\"lazy\" decoding=\"async\" class=\"aligncenter size-large wp-image-571\" title=\"2\" src=\"http:\/\/www.sangild.net\/wp-content\/uploads\/2012\/06\/21-1024x625.jpg\" alt=\"\" width=\"640\" height=\"390\" srcset=\"https:\/\/www.sangild.net\/wp-content\/uploads\/2012\/06\/21-1024x625.jpg 1024w, https:\/\/www.sangild.net\/wp-content\/uploads\/2012\/06\/21-300x183.jpg 300w\" sizes=\"auto, (max-width: 640px) 100vw, 640px\" \/><\/a><br \/>\nN\u00e5r man nu er ny p\u00e5 marken, s\u00e5 skal der siges velkommen. Og man m\u00e5 sige at Skotterne med deres fine horn, er knap s\u00e5 k\u00e6rlige som de afhornede Jerseyer:<\/p>\n<table border=\"0\">\n<tbody>\n<tr>\n<td><a href=\"http:\/\/www.sangild.net\/wp-content\/uploads\/2012\/06\/31.jpg\"><img loading=\"lazy\" decoding=\"async\" class=\"alignleft  wp-image-572\" title=\"3\" src=\"http:\/\/www.sangild.net\/wp-content\/uploads\/2012\/06\/31-300x267.jpg\" alt=\"\" width=\"270\" height=\"240\" srcset=\"https:\/\/www.sangild.net\/wp-content\/uploads\/2012\/06\/31-300x267.jpg 300w, https:\/\/www.sangild.net\/wp-content\/uploads\/2012\/06\/31.jpg 411w\" sizes=\"auto, (max-width: 270px) 100vw, 270px\" \/><\/a><\/td>\n<td><a href=\"http:\/\/www.sangild.net\/wp-content\/uploads\/2012\/06\/41.jpg\"><img loading=\"lazy\" decoding=\"async\" class=\" wp-image-573 alignright\" title=\"4\" src=\"http:\/\/www.sangild.net\/wp-content\/uploads\/2012\/06\/41-300x255.jpg\" alt=\"\" width=\"270\" height=\"240\" \/><\/a><\/td>\n<\/tr>\n<tr>\n<td colspan=\"2\"><a href=\"http:\/\/www.sangild.net\/wp-content\/uploads\/2012\/06\/5.jpg\"><img loading=\"lazy\" decoding=\"async\" class=\"aligncenter size-large wp-image-574\" title=\"5\" src=\"http:\/\/www.sangild.net\/wp-content\/uploads\/2012\/06\/5-1024x403.jpg\" alt=\"\" width=\"640\" height=\"251\" srcset=\"https:\/\/www.sangild.net\/wp-content\/uploads\/2012\/06\/5-1024x403.jpg 1024w, https:\/\/www.sangild.net\/wp-content\/uploads\/2012\/06\/5-300x118.jpg 300w, https:\/\/www.sangild.net\/wp-content\/uploads\/2012\/06\/5.jpg 1929w\" sizes=\"auto, (max-width: 640px) 100vw, 640px\" \/><\/a><\/td>\n<\/tr>\n<\/tbody>\n<\/table>\n<p>Velkommen til\u00a0Gilje &#8211; vi er sikre p\u00e5 at &#8220;damerne&#8221; bliver glade for bes\u00f8get \ud83d\ude42<\/p>\n","protected":false},"excerpt":{"rendered":"<p>CKR-dyrnummer: 66636-552. Klik her for at se oplysningerne om\u00a0Gilje i CHR. I dag &#8211; d. 18. juni 2012 &#8211;\u00a0hentede vi\u00a0Poul-Eriks nye l\u00e5ne-Tyr hos Bjergets Highland Cattle\u00a0i Trevad\u00a0&#8211; men vi glemte helt at sp\u00f8rge\u00a0hvad den hedder. Egentligt er det vel et &hellip; <a href=\"https:\/\/www.sangild.net\/?page_id=569\">L\u00e6s resten <span class=\"meta-nav\">&rarr;<\/span><\/a><\/p>\n","protected":false},"author":1,"featured_media":572,"parent":78,"menu_order":100,"comment_status":"closed","ping_status":"closed","template":"","meta":{"footnotes":""},"class_list":["post-569","page","type-page","status-publish","has-post-thumbnail","hentry"],"_links":{"self":[{"href":"https:\/\/www.sangild.net\/index.php?rest_route=\/wp\/v2\/pages\/569","targetHints":{"allow":["GET"]}}],"collection":[{"href":"https:\/\/www.sangild.net\/index.php?rest_route=\/wp\/v2\/pages"}],"about":[{"href":"https:\/\/www.sangild.net\/index.php?rest_route=\/wp\/v2\/types\/page"}],"author":[{"embeddable":true,"href":"https:\/\/www.sangild.net\/index.php?rest_route=\/wp\/v2\/users\/1"}],"replies":[{"embeddable":true,"href":"https:\/\/www.sangild.net\/index.php?rest_route=%2Fwp%2Fv2%2Fcomments&post=569"}],"version-history":[{"count":11,"href":"https:\/\/www.sangild.net\/index.php?rest_route=\/wp\/v2\/pages\/569\/revisions"}],"predecessor-version":[{"id":591,"href":"https:\/\/www.sangild.net\/index.php?rest_route=\/wp\/v2\/pages\/569\/revisions\/591"}],"up":[{"embeddable":true,"href":"https:\/\/www.sangild.net\/index.php?rest_route=\/wp\/v2\/pages\/78"}],"wp:featuredmedia":[{"embeddable":true,"href":"https:\/\/www.sangild.net\/index.php?rest_route=\/wp\/v2\/media\/572"}],"wp:attachment":[{"href":"https:\/\/www.sangild.net\/index.php?rest_route=%2Fwp%2Fv2%2Fmedia&parent=569"}],"curies":[{"name":"wp","href":"https:\/\/api.w.org\/{rel}","templated":true}]}}