{"id":513,"date":"2012-02-11T20:01:17","date_gmt":"2012-02-11T19:01:17","guid":{"rendered":"http:\/\/www.sangild.net\/?page_id=513"},"modified":"2013-04-09T09:53:18","modified_gmt":"2013-04-09T08:53:18","slug":"sangild-net-herkules","status":"publish","type":"page","link":"https:\/\/www.sangild.net\/?page_id=513","title":{"rendered":"Sangild.net Herkules"},"content":{"rendered":"<p><a href=\"http:\/\/www.sangild.net\/wp-content\/uploads\/2012\/02\/Velkommen.jpg\"><img loading=\"lazy\" decoding=\"async\" class=\"size-medium wp-image-515 alignright\" title=\"Velkommen\" alt=\"\" src=\"http:\/\/www.sangild.net\/wp-content\/uploads\/2012\/02\/Velkommen-300x288.jpg\" width=\"300\" height=\"288\" srcset=\"https:\/\/www.sangild.net\/wp-content\/uploads\/2012\/02\/Velkommen-300x288.jpg 300w, https:\/\/www.sangild.net\/wp-content\/uploads\/2012\/02\/Velkommen.jpg 353w\" sizes=\"auto, (max-width: 300px) 100vw, 300px\" \/><\/a>CKR-dyrnummer: 36666-00076. <a href=\"http:\/\/www.glr-chr.dk\/pls\/glrchr\/webchr04dyr$v_webdyr.QueryViewByKey?P_vgdyr_dyr_id=1013082328&amp;Z_CHK=15870\" target=\"_blank\">Klik her for at se oplysningerne om\u00a0Herkules i CHR.<\/a><\/p>\n<p>Den 7. februar kl. 9:45 k\u00e6lvede <a title=\"Elhoms Roxanne\" href=\"http:\/\/www.sangild.net\/?page_id=442\">Roxanne<\/a> og resultatet blev tyrekalven Herkules.<\/p>\n<p>Det var lidt tidligt p\u00e5 \u00e5ret efter vores smag (det er jo NOGET af en omv\u00e6ltning af komme fra mors varme mave og ud i en ond, ond -12 grader varm verden \ud83d\ude42 ), men det gik heldigvis fint og Herkules var meget hurtig t\u00f8r s\u00e5 han kunne holde varmen.<\/p>\n<p><a href=\"http:\/\/www.sangild.net\/wp-content\/uploads\/2012\/02\/Herkules2.jpg\"><img loading=\"lazy\" decoding=\"async\" class=\"size-medium wp-image-516 alignright\" title=\"Herkules2\" alt=\"\" src=\"http:\/\/www.sangild.net\/wp-content\/uploads\/2012\/02\/Herkules2-300x247.jpg\" width=\"300\" height=\"247\" srcset=\"https:\/\/www.sangild.net\/wp-content\/uploads\/2012\/02\/Herkules2-300x247.jpg 300w, https:\/\/www.sangild.net\/wp-content\/uploads\/2012\/02\/Herkules2-1024x843.jpg 1024w, https:\/\/www.sangild.net\/wp-content\/uploads\/2012\/02\/Herkules2.jpg 1637w\" sizes=\"auto, (max-width: 300px) 100vw, 300px\" \/><\/a>Herkules&#8217; far er s\u00e5 vidt vi ved Assenbjerg Omega Dun (det siger den foreg\u00e5ende ejer af Roxanne), hvorfor Herkules har b\u00e5de samme far og mor som sin bror <a title=\"Mosegaard Gipsy\" href=\"http:\/\/www.sangild.net\/?page_id=445\">Gipsy<\/a>.<\/p>\n<p>Allerede samme aften kunne Poul-Erik s\u00e6tte Herkules&#8217; nye &#8220;\u00f8reringe&#8221; i &#8211; og det er da med en vis stolthed at der igen bliver f\u00f8dt nye kalve med CHR 36666 (vores g\u00e5rdnummer). Herkules er i \u00f8vrigt nummer 76, der er f\u00f8dt p\u00e5 vores g\u00e5rd under det nuv\u00e6rende register, <a href=\"http:\/\/www.sangild.net\/wp-content\/uploads\/2012\/02\/Herkules3.jpg\"><img loading=\"lazy\" decoding=\"async\" class=\"alignright size-medium wp-image-517\" title=\"Herkules3\" alt=\"\" src=\"http:\/\/www.sangild.net\/wp-content\/uploads\/2012\/02\/Herkules3-265x300.jpg\" width=\"265\" height=\"300\" srcset=\"https:\/\/www.sangild.net\/wp-content\/uploads\/2012\/02\/Herkules3-265x300.jpg 265w, https:\/\/www.sangild.net\/wp-content\/uploads\/2012\/02\/Herkules3-906x1024.jpg 906w, https:\/\/www.sangild.net\/wp-content\/uploads\/2012\/02\/Herkules3.jpg 985w\" sizes=\"auto, (max-width: 265px) 100vw, 265px\" \/><\/a>s\u00e5 hans \u00f8rem\u00e6rke-\/CKR-nummer er 36666-76.<\/p>\n<p>Gert var i \u00f8vrigt noget nerv\u00f8s da han senere p\u00e5 aftenen k\u00f8rte forbi marken og s\u00e5 Mikkel R\u00e6v luske rundt &#8211; men heldigvis hj\u00e6lper hele\u00a0Skotteflokken med at passe p\u00e5 den lille ny.<\/p>\n<p>D. 2. marts 2013 solgte vi Herkules til Alfred August Nielsen, s\u00e5 i dag g\u00e5r Herkules ude hos Alfreds mark ved\u00a0<a href=\"http:\/\/www.hjerlhede.dk\/\" target=\"_blank\">Hjerl Hede<\/a>.<\/p>\n","protected":false},"excerpt":{"rendered":"<p>CKR-dyrnummer: 36666-00076. Klik her for at se oplysningerne om\u00a0Herkules i CHR. Den 7. februar kl. 9:45 k\u00e6lvede Roxanne og resultatet blev tyrekalven Herkules. Det var lidt tidligt p\u00e5 \u00e5ret efter vores smag (det er jo NOGET af en omv\u00e6ltning af &hellip; <a href=\"https:\/\/www.sangild.net\/?page_id=513\">L\u00e6s resten <span class=\"meta-nav\">&rarr;<\/span><\/a><\/p>\n","protected":false},"author":1,"featured_media":0,"parent":78,"menu_order":90,"comment_status":"closed","ping_status":"closed","template":"","meta":{"footnotes":""},"class_list":["post-513","page","type-page","status-publish","hentry"],"_links":{"self":[{"href":"https:\/\/www.sangild.net\/index.php?rest_route=\/wp\/v2\/pages\/513","targetHints":{"allow":["GET"]}}],"collection":[{"href":"https:\/\/www.sangild.net\/index.php?rest_route=\/wp\/v2\/pages"}],"about":[{"href":"https:\/\/www.sangild.net\/index.php?rest_route=\/wp\/v2\/types\/page"}],"author":[{"embeddable":true,"href":"https:\/\/www.sangild.net\/index.php?rest_route=\/wp\/v2\/users\/1"}],"replies":[{"embeddable":true,"href":"https:\/\/www.sangild.net\/index.php?rest_route=%2Fwp%2Fv2%2Fcomments&post=513"}],"version-history":[{"count":9,"href":"https:\/\/www.sangild.net\/index.php?rest_route=\/wp\/v2\/pages\/513\/revisions"}],"predecessor-version":[{"id":520,"href":"https:\/\/www.sangild.net\/index.php?rest_route=\/wp\/v2\/pages\/513\/revisions\/520"}],"up":[{"embeddable":true,"href":"https:\/\/www.sangild.net\/index.php?rest_route=\/wp\/v2\/pages\/78"}],"wp:attachment":[{"href":"https:\/\/www.sangild.net\/index.php?rest_route=%2Fwp%2Fv2%2Fmedia&parent=513"}],"curies":[{"name":"wp","href":"https:\/\/api.w.org\/{rel}","templated":true}]}}