{"id":45,"date":"2011-06-14T19:03:20","date_gmt":"2011-06-14T18:03:20","guid":{"rendered":"http:\/\/www.sangild.net\/?page_id=45"},"modified":"2011-06-16T20:45:54","modified_gmt":"2011-06-16T19:45:54","slug":"fleurt","status":"publish","type":"page","link":"https:\/\/www.sangild.net\/?page_id=45","title":{"rendered":"Fleurt"},"content":{"rendered":"<p>Fleurt var en 16 \u00e5r gammel Pintohoppe som desv\u00e6rre er d\u00f8d i dag.<\/p>\n<p>Fleurt var en utrolig dejlig og rolig hoppe, men desv\u00e6rre blev hun for lille til Jeanette og Pernille. Fleurt var rigtig s\u00f8d i skoven og hun elskede, at springe selvom at hendes ben nogle gange ikke ville med. Jeanette og Pernille red mange ture og de red ogs\u00e5 undervisning, st\u00e6vner og en masse andet\u00a0p\u00e5 hende inden at hun blev solgt igen til gamle ejer.<\/p>\n<p>Fleurt pga at tidligere ejer lavede f\u00f8l p\u00e5 hende og dette var hun for gammel til s\u00e5 hun d\u00f8de som 20 \u00e5rig.<\/p>\n<div id=\"attachment_175\" style=\"width: 310px\" class=\"wp-caption alignright\"><a href=\"http:\/\/www.sangild.net\/wp-content\/uploads\/2011\/06\/Fleurt.jpg\"><img loading=\"lazy\" decoding=\"async\" aria-describedby=\"caption-attachment-175\" class=\"size-medium wp-image-175\" title=\"Fleurt\" src=\"http:\/\/www.sangild.net\/wp-content\/uploads\/2011\/06\/Fleurt-300x225.jpg\" alt=\"\" width=\"300\" height=\"225\" srcset=\"https:\/\/www.sangild.net\/wp-content\/uploads\/2011\/06\/Fleurt-300x225.jpg 300w, https:\/\/www.sangild.net\/wp-content\/uploads\/2011\/06\/Fleurt.jpg 728w\" sizes=\"auto, (max-width: 300px) 100vw, 300px\" \/><\/a><p id=\"caption-attachment-175\" class=\"wp-caption-text\">Jeanette til st\u00e6vne p\u00e5 Fleurt de blev dsv discet p\u00e5grund af en ikke retf\u00e6rdig dommer.<\/p><\/div>\n<p>&nbsp;<\/p>\n<p>&nbsp;<\/p>\n<p>&nbsp;<\/p>\n<p>&nbsp;<\/p>\n<p>&nbsp;<\/p>\n<p>&nbsp;<\/p>\n<p>&nbsp;<\/p>\n<p>&nbsp;<\/p>\n","protected":false},"excerpt":{"rendered":"<p>Fleurt var en 16 \u00e5r gammel Pintohoppe som desv\u00e6rre er d\u00f8d i dag. Fleurt var en utrolig dejlig og rolig hoppe, men desv\u00e6rre blev hun for lille til Jeanette og Pernille. Fleurt var rigtig s\u00f8d i skoven og hun elskede, &hellip; <a href=\"https:\/\/www.sangild.net\/?page_id=45\">L\u00e6s resten <span class=\"meta-nav\">&rarr;<\/span><\/a><\/p>\n","protected":false},"author":1,"featured_media":0,"parent":24,"menu_order":50,"comment_status":"closed","ping_status":"closed","template":"","meta":{"footnotes":""},"class_list":["post-45","page","type-page","status-publish","hentry"],"_links":{"self":[{"href":"https:\/\/www.sangild.net\/index.php?rest_route=\/wp\/v2\/pages\/45","targetHints":{"allow":["GET"]}}],"collection":[{"href":"https:\/\/www.sangild.net\/index.php?rest_route=\/wp\/v2\/pages"}],"about":[{"href":"https:\/\/www.sangild.net\/index.php?rest_route=\/wp\/v2\/types\/page"}],"author":[{"embeddable":true,"href":"https:\/\/www.sangild.net\/index.php?rest_route=\/wp\/v2\/users\/1"}],"replies":[{"embeddable":true,"href":"https:\/\/www.sangild.net\/index.php?rest_route=%2Fwp%2Fv2%2Fcomments&post=45"}],"version-history":[{"count":4,"href":"https:\/\/www.sangild.net\/index.php?rest_route=\/wp\/v2\/pages\/45\/revisions"}],"predecessor-version":[{"id":174,"href":"https:\/\/www.sangild.net\/index.php?rest_route=\/wp\/v2\/pages\/45\/revisions\/174"}],"up":[{"embeddable":true,"href":"https:\/\/www.sangild.net\/index.php?rest_route=\/wp\/v2\/pages\/24"}],"wp:attachment":[{"href":"https:\/\/www.sangild.net\/index.php?rest_route=%2Fwp%2Fv2%2Fmedia&parent=45"}],"curies":[{"name":"wp","href":"https:\/\/api.w.org\/{rel}","templated":true}]}}