{"id":442,"date":"2011-09-18T13:33:15","date_gmt":"2011-09-18T12:33:15","guid":{"rendered":"http:\/\/www.sangild.net\/?page_id=442"},"modified":"2011-09-21T18:13:09","modified_gmt":"2011-09-21T17:13:09","slug":"roxy","status":"publish","type":"page","link":"https:\/\/www.sangild.net\/?page_id=442","title":{"rendered":"Elhoms Roxanne"},"content":{"rendered":"<p>CKR-dyrnummer: 43538-00018. <a href=\"http:\/\/www.glr-chr.dk\/pls\/glrchr\/webchr04dyr$v_webdyr.QueryViewByKey?P_vgdyr_dyr_id=1002516899&amp;Z_CHK=18955\" target=\"_blank\">Klik her for at se oplysningerne om\u00a0Roxanne i CHR.<\/a><\/p>\n<p>Elhoms Roxanne\u00a0er Poul-Eriks nye avlsko og er af racen Skotsk H\u00f8jlands Kv\u00e6g.<\/p>\n<p>Her ses Roxanne sammen med <a title=\"Gibsy\" href=\"http:\/\/www.sangild.net\/?page_id=445\">Gipsy<\/a>:<br \/>\n<a href=\"http:\/\/www.sangild.net\/wp-content\/uploads\/2011\/09\/DSCI0006.jpg\"><img loading=\"lazy\" decoding=\"async\" class=\"aligncenter size-large wp-image-443\" title=\"Roxy og Gibsy\" src=\"http:\/\/www.sangild.net\/wp-content\/uploads\/2011\/09\/DSCI0006-1024x768.jpg\" alt=\"\" width=\"640\" height=\"480\" srcset=\"https:\/\/www.sangild.net\/wp-content\/uploads\/2011\/09\/DSCI0006-1024x768.jpg 1024w, https:\/\/www.sangild.net\/wp-content\/uploads\/2011\/09\/DSCI0006-300x225.jpg 300w\" sizes=\"auto, (max-width: 640px) 100vw, 640px\" \/><\/a><\/p>\n<p>Hun blev f\u00f8dt an blev f\u00f8dt d. 1. marts 2001\u00a0&#8211; og har\u00a0igennem tiden f\u00e5et fire kviekalve og\u00a0tre tyrekalve.\u00a0Poul-Erik har k\u00f8bt\u00a0hende &#8211; sammen\u00a0med hendes nyeste tyrekalv\u00a0<a title=\"Gibsy\" href=\"http:\/\/www.sangild.net\/?page_id=445\">Gipsy<\/a> &#8211; af\u00a0<a href=\"http:\/\/www.mosgaardhighlandcattle.dk\/\" target=\"_blank\">Mosgaard Highland Cattle<\/a>&#8230;<\/p>\n<p>Roxanne er allerede med kalv igen (samme tyr som <a title=\"Gibsy\" href=\"http:\/\/www.sangild.net\/?page_id=445\">Gipsy<\/a> &#8211; nemlig Assenbjerg Omega Dun), s\u00e5 vi forventer bes\u00e6tningsfor\u00f8gelse i for\u00e5ret 2012.<\/p>\n","protected":false},"excerpt":{"rendered":"<p>CKR-dyrnummer: 43538-00018. Klik her for at se oplysningerne om\u00a0Roxanne i CHR. Elhoms Roxanne\u00a0er Poul-Eriks nye avlsko og er af racen Skotsk H\u00f8jlands Kv\u00e6g. Her ses Roxanne sammen med Gipsy: Hun blev f\u00f8dt an blev f\u00f8dt d. 1. marts 2001\u00a0&#8211; og &hellip; <a href=\"https:\/\/www.sangild.net\/?page_id=442\">L\u00e6s resten <span class=\"meta-nav\">&rarr;<\/span><\/a><\/p>\n","protected":false},"author":1,"featured_media":0,"parent":78,"menu_order":80,"comment_status":"closed","ping_status":"closed","template":"","meta":{"footnotes":""},"class_list":["post-442","page","type-page","status-publish","hentry"],"_links":{"self":[{"href":"https:\/\/www.sangild.net\/index.php?rest_route=\/wp\/v2\/pages\/442","targetHints":{"allow":["GET"]}}],"collection":[{"href":"https:\/\/www.sangild.net\/index.php?rest_route=\/wp\/v2\/pages"}],"about":[{"href":"https:\/\/www.sangild.net\/index.php?rest_route=\/wp\/v2\/types\/page"}],"author":[{"embeddable":true,"href":"https:\/\/www.sangild.net\/index.php?rest_route=\/wp\/v2\/users\/1"}],"replies":[{"embeddable":true,"href":"https:\/\/www.sangild.net\/index.php?rest_route=%2Fwp%2Fv2%2Fcomments&post=442"}],"version-history":[{"count":6,"href":"https:\/\/www.sangild.net\/index.php?rest_route=\/wp\/v2\/pages\/442\/revisions"}],"predecessor-version":[{"id":473,"href":"https:\/\/www.sangild.net\/index.php?rest_route=\/wp\/v2\/pages\/442\/revisions\/473"}],"up":[{"embeddable":true,"href":"https:\/\/www.sangild.net\/index.php?rest_route=\/wp\/v2\/pages\/78"}],"wp:attachment":[{"href":"https:\/\/www.sangild.net\/index.php?rest_route=%2Fwp%2Fv2%2Fmedia&parent=442"}],"curies":[{"name":"wp","href":"https:\/\/api.w.org\/{rel}","templated":true}]}}