{"id":409,"date":"2011-08-07T17:21:34","date_gmt":"2011-08-07T16:21:34","guid":{"rendered":"http:\/\/www.sangild.net\/?page_id=409"},"modified":"2019-03-16T10:53:01","modified_gmt":"2019-03-16T09:53:01","slug":"ridebanespring","status":"publish","type":"page","link":"https:\/\/www.sangild.net\/?page_id=409","title":{"rendered":"Ridebanespring"},"content":{"rendered":"<p>K\u00f8be f\u00e6rdig eller lave selv? Og hvis sidstn\u00e6vnte, s\u00e5 hvordan?<\/p>\n<p><a href=\"http:\/\/www.sangild.net\/wp-content\/uploads\/2011\/08\/DSCI0257.jpg\"><img loading=\"lazy\" decoding=\"async\" class=\"aligncenter size-large wp-image-418\" title=\"DSCI0257\" src=\"http:\/\/www.sangild.net\/wp-content\/uploads\/2011\/08\/DSCI0257-1024x768.jpg\" alt=\"\" width=\"640\" height=\"480\" srcset=\"https:\/\/www.sangild.net\/wp-content\/uploads\/2011\/08\/DSCI0257-1024x768.jpg 1024w, https:\/\/www.sangild.net\/wp-content\/uploads\/2011\/08\/DSCI0257-300x225.jpg 300w\" sizes=\"auto, (max-width: 640px) 100vw, 640px\" \/><\/a><\/p>\n<p>Ingredienser til Sangild.net-spring:<a href=\"http:\/\/www.sangild.net\/wp-content\/uploads\/2011\/08\/bomholder.jpg\"><img loading=\"lazy\" decoding=\"async\" class=\"alignright size-full wp-image-415\" title=\"bomholder\" src=\"http:\/\/www.sangild.net\/wp-content\/uploads\/2011\/08\/bomholder.jpg\" alt=\"\" width=\"241\" height=\"158\" \/><\/a><\/p>\n<ul>\n<li>Bomholdere\/bomsk\u00e5le: 2 stk. pr. bom &#8211; dvs. 6 stk. til et spring med 3 bomme.<br \/><a href=\"http:\/\/www.borjes-tingsryd.se\/\" target=\"_blank\" rel=\"noopener noreferrer\">http:\/\/www.borjes-tingsryd.se\/<\/a>, varenummer 5605, &#8220;Bomh\u00e5llare&#8221;, pris 23,-\u00a0kr. pr. stk.<br \/>NB: Der en st\u00e5l-tap p\u00e5 bagsiden af bomholderen\/bomsk\u00e5len. Denne tap styrer h\u00f8jden p\u00e5 bomholderen\/bomsk\u00e5len.<\/li>\n<li>Sidestolper: 2 stk. ca. 3,6m, 97*97 mm trykimpregneret firkantet stolper (giver ca. 2 meter h\u00f8je spring).<br \/>Pr\u00f8v hos dit lokale byggecenter :-). Prisen er ca. 30 kr. pr. meter<\/li>\n<li>Bomme: 3 stk. 100mm trykimpregneret rund stolpe\/p\u00e6l \u00e0 3 meter.\u00a0Helst dem uden spids i den ene ende\u00a0\ud83d\ude42<br \/>Pr\u00f8v hos dit lokale byggecenter :-). Prisen er ca. 60 kr. pr. meter<\/li>\n<li>8 stk. vinkelbeslag til samling af fod<br \/><a href=\"http:\/\/www.harald-nyborg.dk\/\" target=\"_blank\" rel=\"noopener noreferrer\">http:\/\/www.harald-nyborg.dk\/<\/a>, varenummer 4403, vinkelbeslag 90*65*90MM, pris 4,75 kr. pr. stk.<\/li>\n<li>4 stk. vinkelbeslag til at samle foden med stolpen<br \/><a href=\"http:\/\/www.harald-nyborg.dk\/\" target=\"_blank\" rel=\"noopener noreferrer\">http:\/\/www.harald-nyborg.dk\/<\/a>, varenummer 4842, vinkelbeslag 90*65*90MM med rib, pris 4,95 kr. pr. stk.<\/li>\n<li>2 stk. normplader<br \/><a href=\"http:\/\/www.harald-nyborg.dk\/\" target=\"_blank\" rel=\"noopener noreferrer\">http:\/\/www.harald-nyborg.dk\/<\/a>, varenummer 7512, normplade 100*220*1,5MM, pris 5,- kr. pr. stk.<\/li>\n<li>2 stk. stolpehatte<br \/><a href=\"http:\/\/www.harald-nyborg.dk\/\" target=\"_blank\" rel=\"noopener noreferrer\">http:\/\/www.harald-nyborg.dk\/<\/a>, varenummer 2083, Stolpehat kugle galv. 101*101, pris 29,95 kr. pr. stk.<\/li>\n<li>1 ks. beslagskruer<br \/><a href=\"http:\/\/www.harald-nyborg.dk\/\" target=\"_blank\" rel=\"noopener noreferrer\">http:\/\/www.harald-nyborg.dk\/<\/a>, varenummer 2600, beslagskruer 5,0*50mm, 250 stk., pris 89,50 pr. pakke<\/li>\n<li>Tr\u00e6beskyttelse i hvid og de farver bommene skal males i.<\/li>\n<\/ul>\n<p>Ca. pris pr. spring kr. 1.100,- +maling<\/p>\n<p>\u00a0<\/p>\n<p>Fremgangsm\u00e5de:<a href=\"http:\/\/www.sangild.net\/wp-content\/uploads\/2011\/08\/DSCI0261.jpg\"><img loading=\"lazy\" decoding=\"async\" class=\"alignright size-medium wp-image-412\" title=\"DSCI0261\" src=\"http:\/\/www.sangild.net\/wp-content\/uploads\/2011\/08\/DSCI0261-e1312732112348-225x300.jpg\" alt=\"\" width=\"225\" height=\"300\" srcset=\"https:\/\/www.sangild.net\/wp-content\/uploads\/2011\/08\/DSCI0261-e1312732112348-225x300.jpg 225w, https:\/\/www.sangild.net\/wp-content\/uploads\/2011\/08\/DSCI0261-e1312732112348-768x1024.jpg 768w\" sizes=\"auto, (max-width: 225px) 100vw, 225px\" \/><\/a><\/p>\n<ol>\n<li>Fra hver sidestolpe sk\u00e6res 2 stykker \u00e0 50cm\u00a0og 2 stykker \u00e0 30cm. Disse &#8220;stumper&#8221; skal bruges til f\u00f8dder.<\/li>\n<li>F\u00e5 h\u00f8vlet resten af stolperne s\u00e5 de bomholdere\/bomsk\u00e5le du har k\u00f8bt let kan tr\u00e6kkes over stolperne. Husk at der skal v\u00e6re plads til maling og at tr\u00e6et kan udvide sig (dvs. der m\u00e5 gerne v\u00e6re 5mm frigang).<br \/>Id\u00e9: M\u00e5ske kan dit byggemarked h\u00f8vle stolperne\u00a0allerede inden du afhenter dem?<br \/>Tak til Preben fra <a href=\"http:\/\/www.naturehighlandcattle.dk\/\" target=\"_blank\" rel=\"noopener noreferrer\">http:\/\/www.naturehighlandcattle.dk\/<\/a>\u00a0for at han h\u00f8vlede vores stolper \ud83d\ude42<\/li>\n<li>Montor de afsk\u00e5rne stykker som et slags\u00a0stige med\u00a0to trin,\u00a0hvor de to store stykker er benene\u00a0og de to sm\u00e5 er trin. Afstanden mellem de to trin skal v\u00e6re tykkelsen p\u00e5 stolpen, s\u00e5 m\u00e5l med den du har t\u00e6nkt dig at montere (de kan jo variere lidt)<br \/>&#8220;Stigen&#8221; samles ved at fire vinkelbeslag (dem uden rib) monteres der hvor de sm\u00e5 stykker (trinene)\u00a0m\u00f8der de store stykker (benene)\u00a0for oven og neden p\u00e5 &#8220;stigen&#8221; (dvs. s\u00e5 du kan komme til at skrue \ud83d\ude42 )<\/li>\n<li>Monter nu sidestolpen p\u00e5 foden ved hj\u00e6lp af de to vinkelbeslag (dem med rib). De\u00a0monteres mellem foden og sidestolpen. Husk at checke at foden er i vater og sidestolpen er i lod.<br \/>Id\u00e9: Jeg k\u00f8bte vinkelbeslagene et nummer st\u00f8rre end dem der er anf\u00f8rt i materialelisten. Dermed er de nok mere robuste, men deres &#8220;ene ben&#8221; er lidt for langt (rager ud over foden). S\u00e5 jeg var n\u00f8dt til lige at sk\u00e6re\u00a0nogle milimeter af dem (det ses p\u00e5 billedet at de ikke l\u00e6ngere er helt symmetriske og ikke har 45 graders hj\u00f8rner).<\/li>\n<li>Sidestolpen forst\u00e6rkes ved\u00a0at normpladen, under foden,\u00a0monteres tv\u00e6rs hen over dens ende og de to sm\u00e5 stykker tr\u00e6 i foden (trinene).<a href=\"http:\/\/www.sangild.net\/wp-content\/uploads\/2011\/08\/DSCI0263-e1312733954977.jpg\"><img loading=\"lazy\" decoding=\"async\" class=\"alignright size-medium wp-image-419\" title=\"DSCI0263\" src=\"http:\/\/www.sangild.net\/wp-content\/uploads\/2011\/08\/DSCI0263-e1312733954977-225x300.jpg\" alt=\"\" width=\"225\" height=\"300\" srcset=\"https:\/\/www.sangild.net\/wp-content\/uploads\/2011\/08\/DSCI0263-e1312733954977-225x300.jpg 225w, https:\/\/www.sangild.net\/wp-content\/uploads\/2011\/08\/DSCI0263-e1312733954977-768x1024.jpg 768w\" sizes=\"auto, (max-width: 225px) 100vw, 225px\" \/><\/a><\/li>\n<li>Der m\u00e5les nu fra gulvet og op til hvor den nederste position til bomholderne\/bomsk\u00e5lene skal kunne monteres.<br \/>Jeg har valgt at arbejde i intervaller af 5cm, hvorfor nederste bomholder er 33cm over gulvet (bommen er 25cm over gulvet, bomholderen\/bomsk\u00e5len\u00a0har en afstand mellem bom-bunden og tappen p\u00e5 ca. 8cm\u00a0&#8211; deraf de 33cm).\u00a0F\u00f8rste bom er dermed 35cm h\u00f8j).<br \/>Endelig udm\u00e5les til de \u00f8vrige huller og hullerne bores i den diameter og dybde der passer med tappen p\u00e5 dine bomholdere\/bomsk\u00e5le (bor dem gerne lidt for store &#8211; det g\u00f8r det lettere at flytte bomholderne\/bomsk\u00e5lene og betyder ellers ikke noget).<br \/>Id\u00e9:\u00a0bor kun huller i den h\u00f8jde du \u00f8nsker at der skal kunne springes. Vi har kun\u00a0boret op til h\u00f8jden 55cm. Du kan jo altid bore flere huller n\u00e5r hest\/rytter bliver dygtigere :-).<\/li>\n<li>Afslutningsvis monteres stolpehatten. Ud over udseendet og beskyttelse af stolpeenden, s\u00e5 sikrer den ogs\u00e5 at bomholderne\/bomsk\u00e5lene ikke kan falde af hvis sidestolperne v\u00e6lter.<br \/>&#8230;og kan\u00a0bomholderne\/bomsk\u00e5lene ikke tages af, s\u00e5 bliver\u00a0de jo heller ikke v\u00e6k \ud83d\ude42<\/li>\n<\/ol>\n<p>God forn\u00f8jelse \ud83d\ude42<\/p>\n\n\n<p><br><\/p>\n","protected":false},"excerpt":{"rendered":"<p>K\u00f8be f\u00e6rdig eller lave selv? Og hvis sidstn\u00e6vnte, s\u00e5 hvordan? Ingredienser til Sangild.net-spring: Bomholdere\/bomsk\u00e5le: 2 stk. pr. bom &#8211; dvs. 6 stk. til et spring med 3 bomme.http:\/\/www.borjes-tingsryd.se\/, varenummer 5605, &#8220;Bomh\u00e5llare&#8221;, pris 23,-\u00a0kr. pr. stk.NB: Der en st\u00e5l-tap p\u00e5 bagsiden &hellip; <a href=\"https:\/\/www.sangild.net\/?page_id=409\">L\u00e6s resten <span class=\"meta-nav\">&rarr;<\/span><\/a><\/p>\n","protected":false},"author":1,"featured_media":0,"parent":407,"menu_order":40,"comment_status":"open","ping_status":"closed","template":"","meta":{"footnotes":""},"class_list":["post-409","page","type-page","status-publish","hentry"],"_links":{"self":[{"href":"https:\/\/www.sangild.net\/index.php?rest_route=\/wp\/v2\/pages\/409","targetHints":{"allow":["GET"]}}],"collection":[{"href":"https:\/\/www.sangild.net\/index.php?rest_route=\/wp\/v2\/pages"}],"about":[{"href":"https:\/\/www.sangild.net\/index.php?rest_route=\/wp\/v2\/types\/page"}],"author":[{"embeddable":true,"href":"https:\/\/www.sangild.net\/index.php?rest_route=\/wp\/v2\/users\/1"}],"replies":[{"embeddable":true,"href":"https:\/\/www.sangild.net\/index.php?rest_route=%2Fwp%2Fv2%2Fcomments&post=409"}],"version-history":[{"count":15,"href":"https:\/\/www.sangild.net\/index.php?rest_route=\/wp\/v2\/pages\/409\/revisions"}],"predecessor-version":[{"id":868,"href":"https:\/\/www.sangild.net\/index.php?rest_route=\/wp\/v2\/pages\/409\/revisions\/868"}],"up":[{"embeddable":true,"href":"https:\/\/www.sangild.net\/index.php?rest_route=\/wp\/v2\/pages\/407"}],"wp:attachment":[{"href":"https:\/\/www.sangild.net\/index.php?rest_route=%2Fwp%2Fv2%2Fmedia&parent=409"}],"curies":[{"name":"wp","href":"https:\/\/api.w.org\/{rel}","templated":true}]}}