{"id":35,"date":"2011-06-14T18:52:20","date_gmt":"2011-06-14T17:52:20","guid":{"rendered":"http:\/\/www.sangild.net\/?page_id=35"},"modified":"2011-06-16T20:57:32","modified_gmt":"2011-06-16T19:57:32","slug":"labadia","status":"publish","type":"page","link":"https:\/\/www.sangild.net\/?page_id=35","title":{"rendered":"Labadia"},"content":{"rendered":"<p>Labadia er en\u00a0pensioneret dame p\u00e5 11 \u00e5r, der tidligere har klaret sig godt i dressur &#8211; men nu nyder sit otium som &#8220;skovturshest&#8221;.<\/p>\n<p>Vi fik Labadia fordi Jeanette ville gerne have en stille hest som, der ikke var s\u00e5 mange krummelurer i. Hun var blevet meget usikker p\u00e5 at ride fordi, hun br\u00e6kket hendes h\u00e5ndled, ved et fald fra en unge hest vi havde som hed Silas. Labadia er k\u00f8bt i Kolding ved en ung pige der hedder Karina, hun ville s\u00e5 gerne bytte hendes\u00a0hest for vores fr\u00e6kke Silas hun kunne godt bruge en der var noget mere gang i. Vi fik hende i december 2010 og solgt hende videre i maj 2011 helt bestemt den 11-5 2011 kom hendes nye ejer og hentet hende, en dame som gerne ville til og ride igen, hun har redet meget som barn men holdt en pause da hun selv fik b\u00f8rn. Nu ville hun s\u00e5 pr\u00f8ve igen p\u00e5 en rolige hest og det er Labadia m\u00e5 man sige, hun er kommet p\u00e5 en store kv\u00e6g g\u00e5rd i Kolding med helt nye bokse det er god til Labadia. Labadia var ogs\u00e5 rigtig fr\u00e6k og hun var helt vild med at ride i skoven Pernille og hendes kusine red tit en tur i skoven med Samson og Labadia.<\/p>\n<p>&nbsp;<\/p>\n<div id=\"attachment_159\" style=\"width: 310px\" class=\"wp-caption alignright\"><a href=\"http:\/\/www.sangild.net\/wp-content\/uploads\/2011\/06\/Labadia.jpg\"><img loading=\"lazy\" decoding=\"async\" aria-describedby=\"caption-attachment-159\" class=\"size-medium wp-image-159\" title=\"Labadia\" src=\"http:\/\/www.sangild.net\/wp-content\/uploads\/2011\/06\/Labadia-300x168.jpg\" alt=\"\" width=\"300\" height=\"168\" srcset=\"https:\/\/www.sangild.net\/wp-content\/uploads\/2011\/06\/Labadia-300x168.jpg 300w, https:\/\/www.sangild.net\/wp-content\/uploads\/2011\/06\/Labadia.jpg 728w\" sizes=\"auto, (max-width: 300px) 100vw, 300px\" \/><\/a><p id=\"caption-attachment-159\" class=\"wp-caption-text\">Labadia for vand<\/p><\/div>\n<div class=\"mceTemp\">\n<div id=\"attachment_166\" style=\"width: 310px\" class=\"wp-caption aligncenter\"><a href=\"http:\/\/www.sangild.net\/wp-content\/uploads\/2011\/06\/Bomme1.jpg\"><img loading=\"lazy\" decoding=\"async\" aria-describedby=\"caption-attachment-166\" class=\"size-medium wp-image-166\" title=\"Bomme\" src=\"http:\/\/www.sangild.net\/wp-content\/uploads\/2011\/06\/Bomme1-300x168.jpg\" alt=\"\" width=\"300\" height=\"168\" srcset=\"https:\/\/www.sangild.net\/wp-content\/uploads\/2011\/06\/Bomme1-300x168.jpg 300w, https:\/\/www.sangild.net\/wp-content\/uploads\/2011\/06\/Bomme1.jpg 728w\" sizes=\"auto, (max-width: 300px) 100vw, 300px\" \/><\/a><p id=\"caption-attachment-166\" class=\"wp-caption-text\">Ride hen over bommene<\/p><\/div>\n<\/div>\n<p>&nbsp;<\/p>\n<div id=\"attachment_167\" style=\"width: 310px\" class=\"wp-caption aligncenter\"><a href=\"http:\/\/www.sangild.net\/wp-content\/uploads\/2011\/06\/DSCI0006.jpg\"><img loading=\"lazy\" decoding=\"async\" aria-describedby=\"caption-attachment-167\" class=\"size-medium wp-image-167\" title=\"DSCI0006\" src=\"http:\/\/www.sangild.net\/wp-content\/uploads\/2011\/06\/DSCI0006-300x225.jpg\" alt=\"\" width=\"300\" height=\"225\" srcset=\"https:\/\/www.sangild.net\/wp-content\/uploads\/2011\/06\/DSCI0006-300x225.jpg 300w, https:\/\/www.sangild.net\/wp-content\/uploads\/2011\/06\/DSCI0006-1024x768.jpg 1024w\" sizes=\"auto, (max-width: 300px) 100vw, 300px\" \/><\/a><p id=\"caption-attachment-167\" class=\"wp-caption-text\">Labadia, Hamburger og Cheesburger<\/p><\/div>\n<p>&nbsp;<\/p>\n","protected":false},"excerpt":{"rendered":"<p>Labadia er en\u00a0pensioneret dame p\u00e5 11 \u00e5r, der tidligere har klaret sig godt i dressur &#8211; men nu nyder sit otium som &#8220;skovturshest&#8221;. Vi fik Labadia fordi Jeanette ville gerne have en stille hest som, der ikke var s\u00e5 mange &hellip; <a href=\"https:\/\/www.sangild.net\/?page_id=35\">L\u00e6s resten <span class=\"meta-nav\">&rarr;<\/span><\/a><\/p>\n","protected":false},"author":1,"featured_media":0,"parent":24,"menu_order":30,"comment_status":"closed","ping_status":"closed","template":"","meta":{"footnotes":""},"class_list":["post-35","page","type-page","status-publish","hentry"],"_links":{"self":[{"href":"https:\/\/www.sangild.net\/index.php?rest_route=\/wp\/v2\/pages\/35","targetHints":{"allow":["GET"]}}],"collection":[{"href":"https:\/\/www.sangild.net\/index.php?rest_route=\/wp\/v2\/pages"}],"about":[{"href":"https:\/\/www.sangild.net\/index.php?rest_route=\/wp\/v2\/types\/page"}],"author":[{"embeddable":true,"href":"https:\/\/www.sangild.net\/index.php?rest_route=\/wp\/v2\/users\/1"}],"replies":[{"embeddable":true,"href":"https:\/\/www.sangild.net\/index.php?rest_route=%2Fwp%2Fv2%2Fcomments&post=35"}],"version-history":[{"count":10,"href":"https:\/\/www.sangild.net\/index.php?rest_route=\/wp\/v2\/pages\/35\/revisions"}],"predecessor-version":[{"id":130,"href":"https:\/\/www.sangild.net\/index.php?rest_route=\/wp\/v2\/pages\/35\/revisions\/130"}],"up":[{"embeddable":true,"href":"https:\/\/www.sangild.net\/index.php?rest_route=\/wp\/v2\/pages\/24"}],"wp:attachment":[{"href":"https:\/\/www.sangild.net\/index.php?rest_route=%2Fwp%2Fv2%2Fmedia&parent=35"}],"curies":[{"name":"wp","href":"https:\/\/api.w.org\/{rel}","templated":true}]}}