{"id":302,"date":"2011-07-08T23:01:16","date_gmt":"2011-07-08T22:01:16","guid":{"rendered":"http:\/\/www.sangild.net\/?page_id=302"},"modified":"2012-04-02T11:48:49","modified_gmt":"2012-04-02T10:48:49","slug":"maskiner","status":"publish","type":"page","link":"https:\/\/www.sangild.net\/?page_id=302","title":{"rendered":"Maskiner"},"content":{"rendered":"<p>Da vores maskinpark efterh\u00e5nden er voksende og selv om det stadig kun er hobbymaskiner og vi ikke ligefrem driver en maskinstation :-), s\u00e5 vil vi p\u00e5 disse sider skrive lidt om dem:<\/p>\n<p><a title=\"ATV Suzuki LT-F150\" href=\"http:\/\/www.sangild.net\/?page_id=308\">ATV: Suzuki LT160<\/a><br \/>\n<a title=\"Br\u00e6ndekl\u00f8ver MTD LT550\" href=\"http:\/\/www.sangild.net\/?page_id=334\">Br\u00e6ndekl\u00f8ver: MTD LT550<\/a><br \/>\n<a title=\"Havetraktor Johnsered LT2115\" href=\"http:\/\/www.sangild.net\/?page_id=318\">Havetraktor: Jonsered LT2115<\/a><\/p>\n","protected":false},"excerpt":{"rendered":"<p>Da vores maskinpark efterh\u00e5nden er voksende og selv om det stadig kun er hobbymaskiner og vi ikke ligefrem driver en maskinstation :-), s\u00e5 vil vi p\u00e5 disse sider skrive lidt om dem: ATV: Suzuki LT160 Br\u00e6ndekl\u00f8ver: MTD LT550 Havetraktor: Jonsered &hellip; <a href=\"https:\/\/www.sangild.net\/?page_id=302\">L\u00e6s resten <span class=\"meta-nav\">&rarr;<\/span><\/a><\/p>\n","protected":false},"author":1,"featured_media":0,"parent":402,"menu_order":10,"comment_status":"closed","ping_status":"closed","template":"","meta":{"footnotes":""},"class_list":["post-302","page","type-page","status-publish","hentry"],"_links":{"self":[{"href":"https:\/\/www.sangild.net\/index.php?rest_route=\/wp\/v2\/pages\/302","targetHints":{"allow":["GET"]}}],"collection":[{"href":"https:\/\/www.sangild.net\/index.php?rest_route=\/wp\/v2\/pages"}],"about":[{"href":"https:\/\/www.sangild.net\/index.php?rest_route=\/wp\/v2\/types\/page"}],"author":[{"embeddable":true,"href":"https:\/\/www.sangild.net\/index.php?rest_route=\/wp\/v2\/users\/1"}],"replies":[{"embeddable":true,"href":"https:\/\/www.sangild.net\/index.php?rest_route=%2Fwp%2Fv2%2Fcomments&post=302"}],"version-history":[{"count":9,"href":"https:\/\/www.sangild.net\/index.php?rest_route=\/wp\/v2\/pages\/302\/revisions"}],"predecessor-version":[{"id":535,"href":"https:\/\/www.sangild.net\/index.php?rest_route=\/wp\/v2\/pages\/302\/revisions\/535"}],"up":[{"embeddable":true,"href":"https:\/\/www.sangild.net\/index.php?rest_route=\/wp\/v2\/pages\/402"}],"wp:attachment":[{"href":"https:\/\/www.sangild.net\/index.php?rest_route=%2Fwp%2Fv2%2Fmedia&parent=302"}],"curies":[{"name":"wp","href":"https:\/\/api.w.org\/{rel}","templated":true}]}}