{"id":29,"date":"2011-06-14T18:36:59","date_gmt":"2011-06-14T17:36:59","guid":{"rendered":"http:\/\/www.sangild.net\/?page_id=29"},"modified":"2011-07-14T14:48:12","modified_gmt":"2011-07-14T13:48:12","slug":"samson","status":"publish","type":"page","link":"https:\/\/www.sangild.net\/?page_id=29","title":{"rendered":"Samson"},"content":{"rendered":"<p>Samson er en 6 \u00e5r gammel Vallak han er 140 cm. Han er f\u00f8dt p\u00e5 vores g\u00e5rd og hans for\u00e6ldre var Tulle (blandingshoppe) og Pyrus (Nordbakke).<\/p>\n<p>Samson blev solgt i juli 2011 da Pernille nu er for stor til at ride p\u00e5 en lille pony.<\/p>\n<p>Samson blev f\u00f8dt den 27-3-2006 p\u00e5 vores lille g\u00e5rd i sangild, klokken meget tidlig bliver huset v\u00e6kket af en v\u00e6re larm ud fra stalden. Jeg g\u00e5r ud og kikker efter om Tulle som Samsons mor hedder, det er m\u00f8rkt s\u00e5 man kan ikke se ret meget derud. Jeg kan se et par sm\u00e5 \u00f8re stikke op og tror det er en kat der er kommet ind til Tulle, m\u00e5ske var det en god ide og t\u00e6nde lyset. Lyset bliver t\u00e6ndt og strakkes ser vi at der st\u00e5 et gude sk\u00f8nt lille gylden f\u00f8l. Det skal siges vi vidste ikke Tulle var med f\u00f8l, vi bliver alle glad g synes han er s\u00e5 s\u00f8de. Vores ven som bor ved os p\u00e5 det tidspunkt k\u00f8nne bestemmer ham og siger ja det er s\u00e5 et hoppe f\u00f8l, det er jo sejt synes vi og kalder den for Bianca.\u00a0En uge sener lukker vi dem p\u00e5 fold, og da pigerne kommer hjem kommer Jeanette ind og siger mor jeg tro alts\u00e5 ikke Bianca er en hoppe men en hingst,\u00a0det grint vi meget af ogs\u00e5 m\u00e5tte vi jo have om d\u00e5b, for en hingst kan jo ikke hedde Bianca.<\/p>\n<div id=\"attachment_168\" style=\"width: 310px\" class=\"wp-caption aligncenter\"><a href=\"http:\/\/www.sangild.net\/wp-content\/uploads\/2011\/06\/Samson-f\u00f8l.jpg\"><img loading=\"lazy\" decoding=\"async\" aria-describedby=\"caption-attachment-168\" class=\"size-medium wp-image-168\" title=\"Samson f\u00f8l\" src=\"http:\/\/www.sangild.net\/wp-content\/uploads\/2011\/06\/Samson-f\u00f8l-300x225.jpg\" alt=\"\" width=\"300\" height=\"225\" srcset=\"https:\/\/www.sangild.net\/wp-content\/uploads\/2011\/06\/Samson-f\u00f8l-300x225.jpg 300w, https:\/\/www.sangild.net\/wp-content\/uploads\/2011\/06\/Samson-f\u00f8l.jpg 728w\" sizes=\"auto, (max-width: 300px) 100vw, 300px\" \/><\/a><p id=\"caption-attachment-168\" class=\"wp-caption-text\">Samson og hans mor f\u00f8rste gang p\u00e5 fold.<\/p><\/div>\n<p>&nbsp;<\/p>\n<div id=\"attachment_169\" style=\"width: 310px\" class=\"wp-caption aligncenter\"><a href=\"http:\/\/www.sangild.net\/wp-content\/uploads\/2011\/06\/F\u00f8l.jpg\"><img loading=\"lazy\" decoding=\"async\" aria-describedby=\"caption-attachment-169\" class=\"size-medium wp-image-169\" title=\"F\u00f8l\" src=\"http:\/\/www.sangild.net\/wp-content\/uploads\/2011\/06\/F\u00f8l-300x225.jpg\" alt=\"\" width=\"300\" height=\"225\" srcset=\"https:\/\/www.sangild.net\/wp-content\/uploads\/2011\/06\/F\u00f8l-300x225.jpg 300w, https:\/\/www.sangild.net\/wp-content\/uploads\/2011\/06\/F\u00f8l.jpg 728w\" sizes=\"auto, (max-width: 300px) 100vw, 300px\" \/><\/a><p id=\"caption-attachment-169\" class=\"wp-caption-text\">Inde i stalden Samson er glad for en masse m\u00e6lk.<\/p><\/div>\n<p>Samson er en kanon god ridepony han elsker at springe og vores datter rider ham rimlig tit, hun har nogle gange en hj\u00e6lper p\u00e5.\u00a0 Han kan ogs\u00e5 g\u00e5 dressur, men dette\u00a0syntes\u00a0han ikke er s\u00e5 sjovt. Samson elsker en god lang skovtur og han er meget sikker i forhold til biler osv.\u00a0 Han g\u00e5r lige nu med hans rigtig gode ven\/k\u00e6rste Caballino.<\/p>\n<p><a href=\"http:\/\/www.sangild.net\/wp-content\/uploads\/2011\/06\/Ridning-sommerferie-ombygning-016.jpg\"><img loading=\"lazy\" decoding=\"async\" class=\"alignright size-medium wp-image-42\" title=\"Pernille og Samson i vores stald\" src=\"http:\/\/www.sangild.net\/wp-content\/uploads\/2011\/06\/Ridning-sommerferie-ombygning-016-300x225.jpg\" alt=\"\" width=\"300\" height=\"225\" srcset=\"https:\/\/www.sangild.net\/wp-content\/uploads\/2011\/06\/Ridning-sommerferie-ombygning-016-300x225.jpg 300w, https:\/\/www.sangild.net\/wp-content\/uploads\/2011\/06\/Ridning-sommerferie-ombygning-016-1024x768.jpg 1024w\" sizes=\"auto, (max-width: 300px) 100vw, 300px\" \/><\/a><\/p>\n<p>Kan du mon\u00a0finde Samson p\u00e5 ovenst\u00e5ende billede af vores g\u00e5rd? \ud83d\ude42<\/p>\n<div id=\"attachment_144\" style=\"width: 738px\" class=\"wp-caption aligncenter\"><a href=\"http:\/\/www.sangild.net\/wp-content\/uploads\/2011\/06\/Samson-i-spring.jpg\"><img loading=\"lazy\" decoding=\"async\" aria-describedby=\"caption-attachment-144\" class=\"size-full wp-image-144\" title=\"Samson i spring\" src=\"http:\/\/www.sangild.net\/wp-content\/uploads\/2011\/06\/Samson-i-spring.jpg\" alt=\"\" width=\"728\" height=\"408\" srcset=\"https:\/\/www.sangild.net\/wp-content\/uploads\/2011\/06\/Samson-i-spring.jpg 728w, https:\/\/www.sangild.net\/wp-content\/uploads\/2011\/06\/Samson-i-spring-300x168.jpg 300w\" sizes=\"auto, (max-width: 728px) 100vw, 728px\" \/><\/a><p id=\"caption-attachment-144\" class=\"wp-caption-text\">Samson og Pernille springer cirka 1 m<\/p><\/div>\n<p>&nbsp;<\/p>\n<div id=\"attachment_146\" style=\"width: 738px\" class=\"wp-caption aligncenter\"><a href=\"http:\/\/www.sangild.net\/wp-content\/uploads\/2011\/06\/Tillid.jpg\"><img loading=\"lazy\" decoding=\"async\" aria-describedby=\"caption-attachment-146\" class=\"size-full wp-image-146\" title=\"Tillid\" src=\"http:\/\/www.sangild.net\/wp-content\/uploads\/2011\/06\/Tillid.jpg\" alt=\"\" width=\"728\" height=\"546\" srcset=\"https:\/\/www.sangild.net\/wp-content\/uploads\/2011\/06\/Tillid.jpg 728w, https:\/\/www.sangild.net\/wp-content\/uploads\/2011\/06\/Tillid-300x225.jpg 300w\" sizes=\"auto, (max-width: 728px) 100vw, 728px\" \/><\/a><p id=\"caption-attachment-146\" class=\"wp-caption-text\">Pernille sidder p\u00e5 kn\u00e6 p\u00e5 Samsom<\/p><\/div>\n<p>&nbsp;<\/p>\n<div id=\"attachment_147\" style=\"width: 738px\" class=\"wp-caption aligncenter\"><a href=\"http:\/\/www.sangild.net\/wp-content\/uploads\/2011\/06\/Pernille-p\u00e5-Samson.jpg\"><img loading=\"lazy\" decoding=\"async\" aria-describedby=\"caption-attachment-147\" class=\"size-full wp-image-147\" title=\"Pernille p\u00e5 Samson\" src=\"http:\/\/www.sangild.net\/wp-content\/uploads\/2011\/06\/Pernille-p\u00e5-Samson.jpg\" alt=\"\" width=\"728\" height=\"546\" srcset=\"https:\/\/www.sangild.net\/wp-content\/uploads\/2011\/06\/Pernille-p\u00e5-Samson.jpg 728w, https:\/\/www.sangild.net\/wp-content\/uploads\/2011\/06\/Pernille-p\u00e5-Samson-300x225.jpg 300w\" sizes=\"auto, (max-width: 728px) 100vw, 728px\" \/><\/a><p id=\"caption-attachment-147\" class=\"wp-caption-text\">Pernille ligger oven p\u00e5 Samson<\/p><\/div>\n<p>&nbsp;<\/p>\n<div id=\"attachment_148\" style=\"width: 738px\" class=\"wp-caption aligncenter\"><a href=\"http:\/\/www.sangild.net\/wp-content\/uploads\/2011\/06\/Samson-p\u00e5-folden.jpg\"><img loading=\"lazy\" decoding=\"async\" aria-describedby=\"caption-attachment-148\" class=\"size-full wp-image-148\" title=\"Samson p\u00e5 folden\" src=\"http:\/\/www.sangild.net\/wp-content\/uploads\/2011\/06\/Samson-p\u00e5-folden.jpg\" alt=\"\" width=\"728\" height=\"408\" srcset=\"https:\/\/www.sangild.net\/wp-content\/uploads\/2011\/06\/Samson-p\u00e5-folden.jpg 728w, https:\/\/www.sangild.net\/wp-content\/uploads\/2011\/06\/Samson-p\u00e5-folden-300x168.jpg 300w\" sizes=\"auto, (max-width: 728px) 100vw, 728px\" \/><\/a><p id=\"caption-attachment-148\" class=\"wp-caption-text\">Samson p\u00e5 folden en fin gallop<\/p><\/div>\n","protected":false},"excerpt":{"rendered":"<p>Samson er en 6 \u00e5r gammel Vallak han er 140 cm. Han er f\u00f8dt p\u00e5 vores g\u00e5rd og hans for\u00e6ldre var Tulle (blandingshoppe) og Pyrus (Nordbakke). Samson blev solgt i juli 2011 da Pernille nu er for stor til at &hellip; <a href=\"https:\/\/www.sangild.net\/?page_id=29\">L\u00e6s resten <span class=\"meta-nav\">&rarr;<\/span><\/a><\/p>\n","protected":false},"author":1,"featured_media":0,"parent":24,"menu_order":20,"comment_status":"closed","ping_status":"closed","template":"","meta":{"footnotes":""},"class_list":["post-29","page","type-page","status-publish","hentry"],"_links":{"self":[{"href":"https:\/\/www.sangild.net\/index.php?rest_route=\/wp\/v2\/pages\/29","targetHints":{"allow":["GET"]}}],"collection":[{"href":"https:\/\/www.sangild.net\/index.php?rest_route=\/wp\/v2\/pages"}],"about":[{"href":"https:\/\/www.sangild.net\/index.php?rest_route=\/wp\/v2\/types\/page"}],"author":[{"embeddable":true,"href":"https:\/\/www.sangild.net\/index.php?rest_route=\/wp\/v2\/users\/1"}],"replies":[{"embeddable":true,"href":"https:\/\/www.sangild.net\/index.php?rest_route=%2Fwp%2Fv2%2Fcomments&post=29"}],"version-history":[{"count":12,"href":"https:\/\/www.sangild.net\/index.php?rest_route=\/wp\/v2\/pages\/29\/revisions"}],"predecessor-version":[{"id":327,"href":"https:\/\/www.sangild.net\/index.php?rest_route=\/wp\/v2\/pages\/29\/revisions\/327"}],"up":[{"embeddable":true,"href":"https:\/\/www.sangild.net\/index.php?rest_route=\/wp\/v2\/pages\/24"}],"wp:attachment":[{"href":"https:\/\/www.sangild.net\/index.php?rest_route=%2Fwp%2Fv2%2Fmedia&parent=29"}],"curies":[{"name":"wp","href":"https:\/\/api.w.org\/{rel}","templated":true}]}}