{"id":27,"date":"2011-06-14T18:35:18","date_gmt":"2011-06-14T17:35:18","guid":{"rendered":"http:\/\/www.sangild.net\/?page_id=27"},"modified":"2011-07-20T08:39:18","modified_gmt":"2011-07-20T07:39:18","slug":"caballino","status":"publish","type":"page","link":"https:\/\/www.sangild.net\/?page_id=27","title":{"rendered":"Caballino"},"content":{"rendered":"<div id=\"attachment_153\" style=\"width: 738px\" class=\"wp-caption aligncenter\">\u00a8<a href=\"http:\/\/www.sangild.net\/wp-content\/uploads\/2011\/06\/Caballino.jpg\"><img loading=\"lazy\" decoding=\"async\" aria-describedby=\"caption-attachment-153\" class=\"size-full wp-image-153\" title=\"Caballino\" src=\"http:\/\/www.sangild.net\/wp-content\/uploads\/2011\/06\/Caballino.jpg\" alt=\"\" width=\"728\" height=\"546\" srcset=\"https:\/\/www.sangild.net\/wp-content\/uploads\/2011\/06\/Caballino.jpg 728w, https:\/\/www.sangild.net\/wp-content\/uploads\/2011\/06\/Caballino-300x225.jpg 300w\" sizes=\"auto, (max-width: 728px) 100vw, 728px\" \/><\/a><p id=\"caption-attachment-153\" class=\"wp-caption-text\">Pernille rider Caballino p\u00e5 vores dejlige ridebane.<\/p><\/div>\n<div class=\"mceTemp mceIEcenter\">\u00a0<\/div>\n<p>Caballino var en 11 \u00e5r gammel Dansk Varmblods hoppe med en v\u00e6ldig fin stamtavle.<\/p>\n<p>Vi m\u00e5tte desv\u00e6rre aflive Caballino i juli 2011 da hun &#8211; da vi kun havde haft hende i ca. 14 dage &#8211; blev &#8220;vaklende&#8221; p\u00e5 bagbenene. Vi havde 3 dyrl\u00e6ger (vores egen p\u00e5 &#8220;vagtl\u00e6ger&#8221; af 2 omgange)\u00a0til at kigge p\u00e5 hende, men p\u00e5 trods af r\u00f8ntgen og unders\u00f8gelser, fik vi aldrig en sikker diagnose. Der var dog b\u00e5de en sk\u00e6v nakkehvirvel og nogle unormale gev\u00e6kster i nappen.<br \/>\nS\u00e6lgeren af Caballino p\u00e5tog sig absolut intet ansvar &#8211; og h\u00f8rer \u00e5benbart til den mere useri\u00f8se\u00a0kategori af hesteejere, der ikke vil forholde sig til virkeligheden og selv tror de ved mere end dyrl\u00e6ger.<\/p>\n<p>Pernille\u00a0n\u00e5ede at f\u00e5\u00a0redet hende uden sadle og dette gik rigtig fint hun travede og skridtede p\u00e5 hende.<\/p>\n<div id=\"attachment_152\" style=\"width: 650px\" class=\"wp-caption alignright\"><a href=\"http:\/\/www.sangild.net\/wp-content\/uploads\/2011\/06\/DSCI00021.jpg\"><img loading=\"lazy\" decoding=\"async\" aria-describedby=\"caption-attachment-152\" class=\"size-large wp-image-152\" title=\"DSCI0002\" src=\"http:\/\/www.sangild.net\/wp-content\/uploads\/2011\/06\/DSCI00021-1024x768.jpg\" alt=\"\" width=\"640\" height=\"480\" srcset=\"https:\/\/www.sangild.net\/wp-content\/uploads\/2011\/06\/DSCI00021-1024x768.jpg 1024w, https:\/\/www.sangild.net\/wp-content\/uploads\/2011\/06\/DSCI00021-300x225.jpg 300w\" sizes=\"auto, (max-width: 640px) 100vw, 640px\" \/><\/a><p id=\"caption-attachment-152\" class=\"wp-caption-text\">Pernille og Caballino<\/p><\/div>\n","protected":false},"excerpt":{"rendered":"<p>\u00a0 Caballino var en 11 \u00e5r gammel Dansk Varmblods hoppe med en v\u00e6ldig fin stamtavle. Vi m\u00e5tte desv\u00e6rre aflive Caballino i juli 2011 da hun &#8211; da vi kun havde haft hende i ca. 14 dage &#8211; blev &#8220;vaklende&#8221; p\u00e5 &hellip; <a href=\"https:\/\/www.sangild.net\/?page_id=27\">L\u00e6s resten <span class=\"meta-nav\">&rarr;<\/span><\/a><\/p>\n","protected":false},"author":1,"featured_media":0,"parent":24,"menu_order":10,"comment_status":"closed","ping_status":"closed","template":"","meta":{"footnotes":""},"class_list":["post-27","page","type-page","status-publish","hentry"],"_links":{"self":[{"href":"https:\/\/www.sangild.net\/index.php?rest_route=\/wp\/v2\/pages\/27","targetHints":{"allow":["GET"]}}],"collection":[{"href":"https:\/\/www.sangild.net\/index.php?rest_route=\/wp\/v2\/pages"}],"about":[{"href":"https:\/\/www.sangild.net\/index.php?rest_route=\/wp\/v2\/types\/page"}],"author":[{"embeddable":true,"href":"https:\/\/www.sangild.net\/index.php?rest_route=\/wp\/v2\/users\/1"}],"replies":[{"embeddable":true,"href":"https:\/\/www.sangild.net\/index.php?rest_route=%2Fwp%2Fv2%2Fcomments&post=27"}],"version-history":[{"count":5,"href":"https:\/\/www.sangild.net\/index.php?rest_route=\/wp\/v2\/pages\/27\/revisions"}],"predecessor-version":[{"id":151,"href":"https:\/\/www.sangild.net\/index.php?rest_route=\/wp\/v2\/pages\/27\/revisions\/151"}],"up":[{"embeddable":true,"href":"https:\/\/www.sangild.net\/index.php?rest_route=\/wp\/v2\/pages\/24"}],"wp:attachment":[{"href":"https:\/\/www.sangild.net\/index.php?rest_route=%2Fwp%2Fv2%2Fmedia&parent=27"}],"curies":[{"name":"wp","href":"https:\/\/api.w.org\/{rel}","templated":true}]}}