{"id":24,"date":"2011-06-14T18:33:00","date_gmt":"2011-06-14T17:33:00","guid":{"rendered":"http:\/\/www.sangild.net\/?page_id=24"},"modified":"2012-09-15T20:04:52","modified_gmt":"2012-09-15T19:04:52","slug":"heste","status":"publish","type":"page","link":"https:\/\/www.sangild.net\/?page_id=24","title":{"rendered":"Heste"},"content":{"rendered":"<p>Kristine, Jeanette og Pernille er meget hesteinteresseret &#8211; og det har gjort af vi efterh\u00e5nden har haft nogle stykker &#8211; i forskellige prislejer og stand.<\/p>\n<p>Pt. har vi dog ingen heste, men Pernille g\u00e5r p\u00e5 rideskole.<\/p>\n<p>Hestene, alts\u00e5 dem vi har ejet,\u00a0er beskrevet p\u00e5 disse sider:<br \/>\n<a title=\"Nekita\" href=\"http:\/\/www.sangild.net\/?page_id=632\">Nekita<\/a><br \/>\n<a title=\"Caballino\" href=\"http:\/\/www.sangild.net\/?page_id=27\">Caballino<\/a><br \/>\n<a title=\"Samson\" href=\"http:\/\/www.sangild.net\/?page_id=29\">Samson<\/a><br \/>\n<a title=\"Labadia\" href=\"http:\/\/www.sangild.net\/?page_id=35\">Labadia<\/a><br \/>\n<a title=\"Silas\" href=\"http:\/\/www.sangild.net\/?page_id=37\">Silas<\/a><br \/>\n<a title=\"Fleurt\" href=\"http:\/\/www.sangild.net\/?page_id=45\">Fleurt<\/a><br \/>\n<a title=\"Kalinka\" href=\"http:\/\/www.sangild.net\/?page_id=47\">Kalinka<\/a><br \/>\n<a title=\"Dusty\" href=\"http:\/\/www.sangild.net\/?page_id=54\">Dusty (opstaldet)<\/a><br \/>\n<a title=\"Don\" href=\"http:\/\/www.sangild.net\/?page_id=50\">Don<\/a><br \/>\n<a title=\"Tulle\" href=\"http:\/\/www.sangild.net\/?page_id=52\">Tulle<\/a><br \/>\n<a title=\"Hanibal\" href=\"http:\/\/www.sangild.net\/?page_id=66\">Hanibal<\/a><\/p>\n","protected":false},"excerpt":{"rendered":"<p>Kristine, Jeanette og Pernille er meget hesteinteresseret &#8211; og det har gjort af vi efterh\u00e5nden har haft nogle stykker &#8211; i forskellige prislejer og stand. Pt. har vi dog ingen heste, men Pernille g\u00e5r p\u00e5 rideskole. Hestene, alts\u00e5 dem vi &hellip; <a href=\"https:\/\/www.sangild.net\/?page_id=24\">L\u00e6s resten <span class=\"meta-nav\">&rarr;<\/span><\/a><\/p>\n","protected":false},"author":1,"featured_media":0,"parent":22,"menu_order":0,"comment_status":"closed","ping_status":"closed","template":"","meta":{"footnotes":""},"class_list":["post-24","page","type-page","status-publish","hentry"],"_links":{"self":[{"href":"https:\/\/www.sangild.net\/index.php?rest_route=\/wp\/v2\/pages\/24","targetHints":{"allow":["GET"]}}],"collection":[{"href":"https:\/\/www.sangild.net\/index.php?rest_route=\/wp\/v2\/pages"}],"about":[{"href":"https:\/\/www.sangild.net\/index.php?rest_route=\/wp\/v2\/types\/page"}],"author":[{"embeddable":true,"href":"https:\/\/www.sangild.net\/index.php?rest_route=\/wp\/v2\/users\/1"}],"replies":[{"embeddable":true,"href":"https:\/\/www.sangild.net\/index.php?rest_route=%2Fwp%2Fv2%2Fcomments&post=24"}],"version-history":[{"count":10,"href":"https:\/\/www.sangild.net\/index.php?rest_route=\/wp\/v2\/pages\/24\/revisions"}],"predecessor-version":[{"id":643,"href":"https:\/\/www.sangild.net\/index.php?rest_route=\/wp\/v2\/pages\/24\/revisions\/643"}],"up":[{"embeddable":true,"href":"https:\/\/www.sangild.net\/index.php?rest_route=\/wp\/v2\/pages\/22"}],"wp:attachment":[{"href":"https:\/\/www.sangild.net\/index.php?rest_route=%2Fwp%2Fv2%2Fmedia&parent=24"}],"curies":[{"name":"wp","href":"https:\/\/api.w.org\/{rel}","templated":true}]}}