{"id":113,"date":"2011-06-14T20:51:54","date_gmt":"2011-06-14T19:51:54","guid":{"rendered":"http:\/\/www.sangild.net\/?page_id=113"},"modified":"2022-09-25T13:07:56","modified_gmt":"2022-09-25T12:07:56","slug":"kontakt","status":"publish","type":"page","link":"https:\/\/www.sangild.net\/?page_id=113","title":{"rendered":"Kontakt"},"content":{"rendered":"<p>Kristine og Gert Sch\u00f8dt Lynge<br \/>\nSangildvej 26, Knudstrup<br \/>\nDK-8620\u00a0 Kjellerup<\/p>\n<p>E-mail: <a href=\"mailto:webmaster@sangild.net\">webmaster@sangild.net<\/a><\/p>\n<p><a href=\"http:\/\/www.haervej.dk\/sites\/default\/files\/asp\/haervej\/pdf_og_andre_filer\/2_thorning_-_funder_kirkeby.pdf\" target=\"_blank\" rel=\"noopener\"><img loading=\"lazy\" decoding=\"async\" class=\"size-full wp-image-233 alignright\" title=\"En bid af h\u00e6rvejen\" src=\"http:\/\/www.sangild.net\/wp-content\/uploads\/2011\/06\/En-bid-af-h\u00e6rvejen.jpg\" alt=\"\" width=\"410\" height=\"302\" srcset=\"https:\/\/www.sangild.net\/wp-content\/uploads\/2011\/06\/En-bid-af-h\u00e6rvejen.jpg 410w, https:\/\/www.sangild.net\/wp-content\/uploads\/2011\/06\/En-bid-af-h\u00e6rvejen-300x220.jpg 300w\" sizes=\"auto, (max-width: 410px) 100vw, 410px\" \/><\/a>Vores private grusvej (som vi deler med naboerne) er faktisk en lille del af h\u00e6rvejen (vi bor ved den sorte cirkel &#8211; klik evt. p\u00e5 kortet for at se hele H\u00e6rvejs-kortudsnittet over Thorning &#8211; Funder Kirkeby).<\/p>\n<p><a title=\"H\u00e6rvejen\" href=\"http:\/\/www.haervej.dk\" target=\"_blank\" rel=\"noopener\">Bes\u00f8g evt. ogs\u00e5 H\u00e6rvejens hjemmeside ved at klikke her!<\/a><\/p>\n<p>PS: H\u00e6rvejsmarcherende er i \u00f8vrigt velkommen til at spise l\u00f8s af vores skovjordb\u00e6r. De st\u00e5r p\u00e5 skr\u00e6nten\u00a0lige ud til vejen \ud83d\ude42<\/p>\n","protected":false},"excerpt":{"rendered":"<p>Kristine og Gert Sch\u00f8dt Lynge Sangildvej 26, Knudstrup DK-8620\u00a0 Kjellerup E-mail: webmaster@sangild.net Vores private grusvej (som vi deler med naboerne) er faktisk en lille del af h\u00e6rvejen (vi bor ved den sorte cirkel &#8211; klik evt. p\u00e5 kortet for at &hellip; <a href=\"https:\/\/www.sangild.net\/?page_id=113\">L\u00e6s resten <span class=\"meta-nav\">&rarr;<\/span><\/a><\/p>\n","protected":false},"author":1,"featured_media":0,"parent":0,"menu_order":9999,"comment_status":"closed","ping_status":"closed","template":"","meta":{"footnotes":""},"class_list":["post-113","page","type-page","status-publish","hentry"],"_links":{"self":[{"href":"https:\/\/www.sangild.net\/index.php?rest_route=\/wp\/v2\/pages\/113","targetHints":{"allow":["GET"]}}],"collection":[{"href":"https:\/\/www.sangild.net\/index.php?rest_route=\/wp\/v2\/pages"}],"about":[{"href":"https:\/\/www.sangild.net\/index.php?rest_route=\/wp\/v2\/types\/page"}],"author":[{"embeddable":true,"href":"https:\/\/www.sangild.net\/index.php?rest_route=\/wp\/v2\/users\/1"}],"replies":[{"embeddable":true,"href":"https:\/\/www.sangild.net\/index.php?rest_route=%2Fwp%2Fv2%2Fcomments&post=113"}],"version-history":[{"count":15,"href":"https:\/\/www.sangild.net\/index.php?rest_route=\/wp\/v2\/pages\/113\/revisions"}],"predecessor-version":[{"id":879,"href":"https:\/\/www.sangild.net\/index.php?rest_route=\/wp\/v2\/pages\/113\/revisions\/879"}],"wp:attachment":[{"href":"https:\/\/www.sangild.net\/index.php?rest_route=%2Fwp%2Fv2%2Fmedia&parent=113"}],"curies":[{"name":"wp","href":"https:\/\/api.w.org\/{rel}","templated":true}]}}